{"id":113,"date":"2018-01-17T07:27:33","date_gmt":"2018-01-17T07:27:33","guid":{"rendered":"http:\/\/wp2.upupload.com\/blog64690\/iispoi0k064690\/?page_id=113"},"modified":"2021-05-21T15:09:03","modified_gmt":"2021-05-21T20:09:03","slug":"contact-us","status":"publish","type":"page","link":"https:\/\/linkingpartners.org\/sr\/contact-us\/","title":{"rendered":"KONTAKTIRAJTE NAS"},"content":{"rendered":"<section class=\"wpb-content-wrapper\"><div class=\"vc_row wpb_row vc_row-fluid\"><div class=\"wpb_column vc_column_container vc_col-sm-12\"><div class=\"vc_column-inner\"><div class=\"wpb_wrapper\">\n\t<div class=\"wpb_text_column wpb_content_element\" >\n\t\t<div class=\"wpb_wrapper\">\n\t\t\t<h2>OBRATITE NAM SE UKOLIKO IMATE BILO KAKVO PITANJE ILI AKO VAM MO\u017dEMO POMO\u0106I NA BILO KOJI NA\u010cIN. RADUJEMO SE DA \u010cUJEMO OD VAS!<\/h2>\n<h1><\/h1>\n<h1 class=\"projects-heading\"><div class=\"wpforms-container wpforms-container-full\" id=\"wpforms-118\"><form id=\"wpforms-form-118\" class=\"wpforms-validate wpforms-form\" data-formid=\"118\" method=\"post\" enctype=\"multipart\/form-data\" action=\"\/sr\/wp-json\/wp\/v2\/pages\/113\" data-token=\"8f40ea9ac346bc120727a2d4b1a0a0b0\" data-trp-original-action=\"\/sr\/wp-json\/wp\/v2\/pages\/113\"><noscript class=\"wpforms-error-noscript\">Please enable JavaScript in your browser to complete this form.<\/noscript><div class=\"wpforms-field-container\"><div id=\"wpforms-118-field_0-container\" class=\"wpforms-field wpforms-field-name\" data-field-id=\"0\"><label class=\"wpforms-field-label\" for=\"wpforms-118-field_0\">Ime <span class=\"wpforms-required-label\">*<\/span><\/label><div class=\"wpforms-field-row wpforms-field-medium\"><div class=\"wpforms-field-row-block wpforms-first wpforms-one-half\"><input type=\"text\" id=\"wpforms-118-field_0\" class=\"wpforms-field-name-first wpforms-field-required\" name=\"wpforms[fields][0][first]\" required><label for=\"wpforms-118-field_0\" class=\"wpforms-field-sublabel after\">First<\/label><\/div><div class=\"wpforms-field-row-block wpforms-one-half\"><input type=\"text\" id=\"wpforms-118-field_0-last\" class=\"wpforms-field-name-last wpforms-field-required\" name=\"wpforms[fields][0][last]\" required><label for=\"wpforms-118-field_0-last\" class=\"wpforms-field-sublabel after\">Last<\/label><\/div><\/div><\/div><div id=\"wpforms-118-field_1-container\" class=\"wpforms-field wpforms-field-email\" data-field-id=\"1\"><label class=\"wpforms-field-label\" for=\"wpforms-118-field_1\">E-mail adresa <span class=\"wpforms-required-label\">*<\/span><\/label><input type=\"email\" id=\"wpforms-118-field_1\" class=\"wpforms-field-medium wpforms-field-required\" name=\"wpforms[fields][1]\" required><\/div><div id=\"wpforms-118-field_6-container\" class=\"wpforms-field wpforms-field-checkbox\" data-field-id=\"6\"><label class=\"wpforms-field-label\" for=\"wpforms-118-field_6\">Tema <span class=\"wpforms-required-label\">*<\/span><\/label><ul id=\"wpforms-118-field_6\" class=\"wpforms-field-required\" data-choice-limit=\"1\"><li class=\"choice-1 depth-1\"><input type=\"checkbox\" id=\"wpforms-118-field_6_1\" data-rule-check-limit=\"true\" name=\"wpforms[fields][6][]\" value=\"General\" required><label class=\"wpforms-field-label-inline\" for=\"wpforms-118-field_6_1\">Op\u0161te<\/label><\/li><li class=\"choice-2 depth-1\"><input type=\"checkbox\" id=\"wpforms-118-field_6_2\" data-rule-check-limit=\"true\" name=\"wpforms[fields][6][]\" value=\"Sponsorships\" required><label class=\"wpforms-field-label-inline\" for=\"wpforms-118-field_6_2\">Sponzorstvo<\/label><\/li><li class=\"choice-3 depth-1\"><input type=\"checkbox\" id=\"wpforms-118-field_6_3\" data-rule-check-limit=\"true\" name=\"wpforms[fields][6][]\" value=\"Events\" required><label class=\"wpforms-field-label-inline\" for=\"wpforms-118-field_6_3\">Doga\u0111aji<\/label><\/li><\/ul><div class=\"wpforms-field-description\">Odaberite jedno<\/div><\/div><div id=\"wpforms-118-field_2-container\" class=\"wpforms-field wpforms-field-textarea\" data-field-id=\"2\"><label class=\"wpforms-field-label\" for=\"wpforms-118-field_2\">Komentar ili poruka <span class=\"wpforms-required-label\">*<\/span><\/label><textarea id=\"wpforms-118-field_2\" class=\"wpforms-field-medium wpforms-field-required\" name=\"wpforms[fields][2]\" required><\/textarea><\/div><\/div><div class=\"wpforms-field wpforms-field-hp\"><label for=\"wpforms-118-field-hp\" class=\"wpforms-field-label\">Comment<\/label><input type=\"text\" name=\"wpforms[hp]\" id=\"wpforms-118-field-hp\" class=\"wpforms-field-medium\"><\/div><div class=\"wpforms-recaptcha-container wpforms-is-recaptcha\" ><div class=\"g-recaptcha\" data-sitekey=\"6LdaAkcaAAAAAKGnLmRRUaaeeJ67FpKkoB2hhV4Z\"><\/div><input type=\"text\" name=\"g-recaptcha-hidden\" class=\"wpforms-recaptcha-hidden\" style=\"position:absolute!important;clip:rect(0,0,0,0)!important;height:1px!important;width:1px!important;border:0!important;overflow:hidden!important;padding:0!important;margin:0!important;\" required><\/div><div class=\"wpforms-submit-container\" ><input type=\"hidden\" name=\"wpforms[id]\" value=\"118\"><input type=\"hidden\" name=\"wpforms[author]\" value=\"1\"><button type=\"submit\" name=\"wpforms[submit]\" class=\"wpforms-submit\" id=\"wpforms-submit-118\" value=\"wpforms-submit\" aria-live=\"assertive\" data-alt-text=\"Sending...\" data-submit-text=\"Submit\">PO\u0160ALJI<\/button><\/div><input type=\"hidden\" name=\"trp-form-language\" value=\"sr\"\/><\/form><\/div>  <!-- .wpforms-container --><\/h1>\n<h3><\/h3>\n<h1 class=\"projects-heading\"><\/h1>\n<h3><\/h3>\n<h3><\/h3>\n\n\t\t<\/div>\n\t<\/div>\n<\/div><\/div><\/div><\/div>\n<\/section>","protected":false},"excerpt":{"rendered":"<p>Please let us know if you have any questions or if we can help you in any way. We look forward to hearing from you soon! Please enable JavaScript in your browser to complete this form.Name *FirstLastEmail *Subject *GeneralSponsorshipsEventsSelect OneComment or message *PhoneSubmit<\/p>","protected":false},"author":1,"featured_media":334,"parent":0,"menu_order":0,"comment_status":"closed","ping_status":"closed","template":"","meta":{"spay_email":""},"_links":{"self":[{"href":"https:\/\/linkingpartners.org\/sr\/wp-json\/wp\/v2\/pages\/113"}],"collection":[{"href":"https:\/\/linkingpartners.org\/sr\/wp-json\/wp\/v2\/pages"}],"about":[{"href":"https:\/\/linkingpartners.org\/sr\/wp-json\/wp\/v2\/types\/page"}],"author":[{"embeddable":true,"href":"https:\/\/linkingpartners.org\/sr\/wp-json\/wp\/v2\/users\/1"}],"replies":[{"embeddable":true,"href":"https:\/\/linkingpartners.org\/sr\/wp-json\/wp\/v2\/comments?post=113"}],"version-history":[{"count":2,"href":"https:\/\/linkingpartners.org\/sr\/wp-json\/wp\/v2\/pages\/113\/revisions"}],"predecessor-version":[{"id":5397,"href":"https:\/\/linkingpartners.org\/sr\/wp-json\/wp\/v2\/pages\/113\/revisions\/5397"}],"wp:featuredmedia":[{"embeddable":true,"href":"https:\/\/linkingpartners.org\/sr\/wp-json\/wp\/v2\/media\/334"}],"wp:attachment":[{"href":"https:\/\/linkingpartners.org\/sr\/wp-json\/wp\/v2\/media?parent=113"}],"curies":[{"name":"wp","href":"https:\/\/api.w.org\/{rel}","templated":true}]}}