{"id":12,"date":"2018-01-10T09:58:27","date_gmt":"2018-01-10T09:58:27","guid":{"rendered":"http:\/\/wp2.upupload.com\/blog64690\/iispoi0k064690\/?page_id=12"},"modified":"2021-04-07T02:39:53","modified_gmt":"2021-04-07T02:39:53","slug":"we-believe","status":"publish","type":"page","link":"https:\/\/linkingpartners.org\/sr\/we-believe\/","title":{"rendered":"VERUJEMO"},"content":{"rendered":"<section class=\"wpb-content-wrapper\"><div class=\"vc_row wpb_row vc_row-fluid\"><div class=\"wpb_column vc_column_container vc_col-sm-12\"><div class=\"vc_column-inner\"><div class=\"wpb_wrapper\"><div class=\"vc_row wpb_row vc_inner vc_row-fluid\"><div class=\"wpb_column vc_column_container vc_col-sm-6\"><div class=\"vc_column-inner\"><div class=\"wpb_wrapper\">\n\t<div  class=\"wpb_single_image wpb_content_element vc_align_center  wpb_animate_when_almost_visible wpb_slideInUp slideInUp\">\n\t\t\n\t\t<figure class=\"wpb_wrapper vc_figure\">\n\t\t\t<div class=\"vc_single_image-wrapper   vc_box_border_grey\"><img width=\"1024\" height=\"680\" src=\"https:\/\/linkingpartners.org\/wp-content\/uploads\/2018\/08\/olia-gozha-51569-unsplash-1024x680.jpg\" class=\"vc_single_image-img attachment-large\" alt=\"\" loading=\"lazy\" title=\"olia-gozha-51569-unsplash\" srcset=\"https:\/\/linkingpartners.org\/wp-content\/uploads\/2018\/08\/olia-gozha-51569-unsplash-1024x680.jpg 1024w, https:\/\/linkingpartners.org\/wp-content\/uploads\/2018\/08\/olia-gozha-51569-unsplash-600x399.jpg 600w, https:\/\/linkingpartners.org\/wp-content\/uploads\/2018\/08\/olia-gozha-51569-unsplash-300x199.jpg 300w, https:\/\/linkingpartners.org\/wp-content\/uploads\/2018\/08\/olia-gozha-51569-unsplash-768x510.jpg 768w\" sizes=\"(max-width: 1024px) 100vw, 1024px\"  data-dt-location=\"https:\/\/linkingpartners.org\/sr\/we-believe\/olia-gozha-51569-unsplash\/\" \/><\/div>\n\t\t<\/figure>\n\t<\/div>\n<\/div><\/div><\/div><div class=\"wpb_column vc_column_container vc_col-sm-6\"><div class=\"vc_column-inner\"><div class=\"wpb_wrapper\">\n\t<div class=\"wpb_text_column wpb_content_element  wpb_animate_when_almost_visible wpb_slideInUp slideInUp\" >\n\t\t<div class=\"wpb_wrapper\">\n\t\t\t<h2>NA\u0160 KRAJNJI CILJ<\/h2>\n<p class=\"project-text\"><strong>\u017delimo da u\u010destvujemo u osnivanju funkcionalne grupe hri\u0161\u0107anskih vernika na hodaju\u0107oj udaljenosti od makar 90% Roma u Srbiji.<\/strong><\/p>\n<p>Na\u0161 najve\u0107i fokus rada je zasnovan na tome \u0161to verujemo da svi treba da poznaju Isusa Hrista kao spasitelja i na tome \u0161to smo prepoznali da je najve\u0107a potreba u romskim zajednicama u Srbiji - podizanje bilo starih, bilo mladih pobo\u017enih, posve\u0107enih, proaktivnih i potpuno spremnih vo\u0111a za slu\u017ebu. Bilo da pose\u0107ujete na\u0161e misijsko polje, ili podr\u017eavate Linking Partners svojim donacijama, ili se molite za nas, vi nam poma\u017eete da se ovo i ostvari.<\/p>\n\n\t\t<\/div>\n\t<\/div>\n<\/div><\/div><\/div><\/div><div class=\"vc_separator wpb_content_element vc_separator_align_center vc_sep_width_100 vc_sep_pos_align_center vc_separator_no_text vc_sep_color_grey vc_custom_1617762389812  vc_custom_1617762389812 wpb_animate_when_almost_visible wpb_slideInUp slideInUp wpb_animate_when_almost_visible wpb_slideInUp slideInUp\" ><span class=\"vc_sep_holder vc_sep_holder_l\"><span class=\"vc_sep_line\"><\/span><\/span><span class=\"vc_sep_holder vc_sep_holder_r\"><span class=\"vc_sep_line\"><\/span><\/span>\n<\/div><\/div><\/div><\/div><\/div><div class=\"vc_row wpb_row vc_row-fluid vc_custom_1617762646691\"><div class=\"wpb_column vc_column_container vc_col-sm-12\"><div class=\"vc_column-inner\"><div class=\"wpb_wrapper\"><div class=\"vc_row wpb_row vc_inner vc_row-fluid\"><div class=\"wpb_column vc_column_container vc_col-sm-6\"><div class=\"vc_column-inner\"><div class=\"wpb_wrapper\">\n\t<div  class=\"wpb_single_image wpb_content_element vc_align_center  wpb_animate_when_almost_visible wpb_slideInUp slideInUp\">\n\t\t\n\t\t<figure class=\"wpb_wrapper vc_figure\">\n\t\t\t<div class=\"vc_single_image-wrapper   vc_box_border_grey\"><img width=\"1024\" height=\"681\" src=\"https:\/\/linkingpartners.org\/wp-content\/uploads\/2018\/08\/ourbeekeepers-1024x681.jpg\" class=\"vc_single_image-img attachment-large\" alt=\"\" loading=\"lazy\" title=\"ourbeekeepers\" srcset=\"https:\/\/linkingpartners.org\/wp-content\/uploads\/2018\/08\/ourbeekeepers-1024x681.jpg 1024w, https:\/\/linkingpartners.org\/wp-content\/uploads\/2018\/08\/ourbeekeepers-600x399.jpg 600w, https:\/\/linkingpartners.org\/wp-content\/uploads\/2018\/08\/ourbeekeepers-300x200.jpg 300w, https:\/\/linkingpartners.org\/wp-content\/uploads\/2018\/08\/ourbeekeepers-768x511.jpg 768w, https:\/\/linkingpartners.org\/wp-content\/uploads\/2018\/08\/ourbeekeepers.jpg 2048w\" sizes=\"(max-width: 1024px) 100vw, 1024px\"  data-dt-location=\"https:\/\/linkingpartners.org\/sr\/we-believe\/ourbeekeepers\/\" \/><\/div>\n\t\t<\/figure>\n\t<\/div>\n<\/div><\/div><\/div><div class=\"wpb_column vc_column_container vc_col-sm-6\"><div class=\"vc_column-inner\"><div class=\"wpb_wrapper\">\n\t<div class=\"wpb_text_column wpb_content_element  wpb_animate_when_almost_visible wpb_slideInUp slideInUp\" >\n\t\t<div class=\"wpb_wrapper\">\n\t\t\t<h2>PREKID CIKLUSA SIROMA\u0160TVA<\/h2>\n<p class=\"project-text\"><strong>\"Moji roditelji, baka i deka itd., su bili ovakvi, pa i ja moram da budem takav.\" Jedna od najve\u0107ih pomo\u0107i Romima u Srbiji je pomo\u0107 u uklanjanju ovakvog razmi\u0161ljanja. Ima mnogo realnih humanitarnih potreba u gotovo svakoj romskoj zajednici, ali mi moramo ispuniti one potrebe sa resursima koje vi u\u010dinite dostupnim.<\/strong><\/p>\n<p>U svetlu potreba ali i ograni\u010denost iresursa kojima raspola\u017eemo, jedna mala stvar kojom eksperimenti\u0161emo je da za svaki jedan dinar koji potro\u0161imo na podizanje vo\u0111a, tako\u0111e planiramo da potro\u0161imo i jedan dinar za humanitarne aktivnosti, u oblastima u kojima delujemo na podizanju vo\u0111a. Ovo nije mnogo novca i ne\u0107emo ispuniti ba\u0161 svaku glad, potrebu za ode\u0107om itd., ali se nadamo da \u0107emo uraditi makar ne\u0161to dobro i da \u0107emo time preneti Romima da razmi\u0161ljamo o celom njihovom \u017eivotu.<\/p>\n<p>Neki \u010dlanovi na\u0161eg tima su pro\u010ditali knjigu pod naslovom \"Kada pomaganje odma\u017ee: kako ubla\u017eiti siroma\u0161tvo bez povre\u0111ivanja siroma\u0161nih... i vas samih.\" (When Helping Hurts: How to Alleviate Poverty Without Hurting the Poor . . . and Yourself) autora Stiva Korbeta (Steve Corbett) i Brajana Fikerta (Brian Fikkert) sa predgovorom Dejvida Plata. Mnogo toga smo nau\u010dili iz ove knjige i mnogi na\u0161i projekti usmereni ka prekidu ciklusa siroma\u0161tva slede principe naveden u ovoj knjizi.<\/p>\n\n\t\t<\/div>\n\t<\/div>\n<\/div><\/div><\/div><\/div><div class=\"vc_separator wpb_content_element vc_separator_align_center vc_sep_width_100 vc_sep_pos_align_center vc_separator_no_text vc_sep_color_grey vc_custom_1617762712077  vc_custom_1617762712077 wpb_animate_when_almost_visible wpb_slideInUp slideInUp wpb_animate_when_almost_visible wpb_slideInUp slideInUp\" ><span class=\"vc_sep_holder vc_sep_holder_l\"><span class=\"vc_sep_line\"><\/span><\/span><span class=\"vc_sep_holder vc_sep_holder_r\"><span class=\"vc_sep_line\"><\/span><\/span>\n<\/div><\/div><\/div><\/div><\/div><div class=\"vc_row wpb_row vc_row-fluid vc_custom_1617762671847\"><div class=\"wpb_column vc_column_container vc_col-sm-12\"><div class=\"vc_column-inner\"><div class=\"wpb_wrapper\"><div class=\"vc_row wpb_row vc_inner vc_row-fluid\"><div class=\"wpb_column vc_column_container vc_col-sm-6\"><div class=\"vc_column-inner\"><div class=\"wpb_wrapper\">\n\t<div  class=\"wpb_single_image wpb_content_element vc_align_center  wpb_animate_when_almost_visible wpb_slideInUp slideInUp\">\n\t\t\n\t\t<figure class=\"wpb_wrapper vc_figure\">\n\t\t\t<div class=\"vc_single_image-wrapper   vc_box_border_grey\"><img width=\"1024\" height=\"683\" src=\"https:\/\/linkingpartners.org\/wp-content\/uploads\/2018\/08\/jungwoo-hong-100345-unsplash-1024x683.jpg\" class=\"vc_single_image-img attachment-large\" alt=\"\" loading=\"lazy\" title=\"jungwoo-hong-100345-unsplash\" srcset=\"https:\/\/linkingpartners.org\/wp-content\/uploads\/2018\/08\/jungwoo-hong-100345-unsplash-1024x683.jpg 1024w, https:\/\/linkingpartners.org\/wp-content\/uploads\/2018\/08\/jungwoo-hong-100345-unsplash-600x400.jpg 600w, https:\/\/linkingpartners.org\/wp-content\/uploads\/2018\/08\/jungwoo-hong-100345-unsplash-300x200.jpg 300w, https:\/\/linkingpartners.org\/wp-content\/uploads\/2018\/08\/jungwoo-hong-100345-unsplash-768x512.jpg 768w\" sizes=\"(max-width: 1024px) 100vw, 1024px\"  data-dt-location=\"https:\/\/linkingpartners.org\/sr\/we-believe\/jungwoo-hong-100345-unsplash\/\" \/><\/div>\n\t\t<\/figure>\n\t<\/div>\n<\/div><\/div><\/div><div class=\"wpb_column vc_column_container vc_col-sm-6\"><div class=\"vc_column-inner\"><div class=\"wpb_wrapper\">\n\t<div class=\"wpb_text_column wpb_content_element  wpb_animate_when_almost_visible wpb_slideInUp slideInUp\" >\n\t\t<div class=\"wpb_wrapper\">\n\t\t\t<h2>STAV \"MI TO MO\u017dEMO\"<\/h2>\n<p class=\"project-text\"><strong>\"Hteo bih da uzgajam borovnice.\" \"Imam plan da se\u010dem i cepam drva i da ih dostavljam ljudima u Prokuplju da bi mogli da se greju zimi.\" Mo\u017eda ove izjave nemaju nekog zna\u010daja ve\u0107ini ljudi, ali u romskoj zajednici, pravo je \u010dudo videti svetlo nade koje se pojavljuje u o\u010dima ljudi koji shvataju da neko \u017eeli da podr\u017ei njihov san. Vi, svojom podr\u0161kom, tako\u0111e mo\u017eete doprineti ostvarenju ovih snova.<\/strong><\/p>\n<p class=\"project-text\"><strong>Nau\u010di \u010doveka da peca.<\/strong><\/p>\n<p>\"Da, Mi to Mo\u017eemo\" je slogan koji koriste politi\u010dke i sekularne grupe \u0161irom sveta kako bi preneli stav da ni\u0161ta nije nemogu\u0107e. Mi ohrabrujemo ovaj stav u svemu \u0161to radimo u Srbiji, ali na po\u010detku smo izlo\u017eeni malom broju populacije. Ovo je ne\u0161to \u0161to sekularna romska zajednica mo\u017ee da promovi\u0161e time \u0161to \u0107e se voditi ovim principom celi \u017eivot. Mo\u017eda \u0107e oni to izraziti drugim re\u010dima, ali princip koji le\u017ei u osnovi je da ne sedimo i ne \u010dekamo da neko drugi ispuni na\u0161e potrebe ve\u0107 da po\u010dnemo, korak po korak, da ispunjavamo te potrebe sami. Ovo je jedan od ciljeva na\u0161eg programa Nau\u010di \u010doveka da peca.<\/p>\n<div id=\"space\">\n<h1 class=\"projects-heading\"><\/h1>\n<\/div>\n\n\t\t<\/div>\n\t<\/div>\n<\/div><\/div><\/div><\/div><div class=\"vc_separator wpb_content_element vc_separator_align_center vc_sep_width_100 vc_sep_pos_align_center vc_separator_no_text vc_sep_color_grey vc_custom_1617762721089  vc_custom_1617762721089 wpb_animate_when_almost_visible wpb_slideInUp slideInUp wpb_animate_when_almost_visible wpb_slideInUp slideInUp\" ><span class=\"vc_sep_holder vc_sep_holder_l\"><span class=\"vc_sep_line\"><\/span><\/span><span class=\"vc_sep_holder vc_sep_holder_r\"><span class=\"vc_sep_line\"><\/span><\/span>\n<\/div><\/div><\/div><\/div><\/div><div class=\"vc_row wpb_row vc_row-fluid vc_custom_1617762665807\"><div class=\"wpb_column vc_column_container vc_col-sm-12\"><div class=\"vc_column-inner\"><div class=\"wpb_wrapper\"><div class=\"vc_row wpb_row vc_inner vc_row-fluid\"><div class=\"wpb_column vc_column_container vc_col-sm-6\"><div class=\"vc_column-inner\"><div class=\"wpb_wrapper\">\n\t<div  class=\"wpb_single_image wpb_content_element vc_align_center  wpb_animate_when_almost_visible wpb_slideInUp slideInUp\">\n\t\t\n\t\t<figure class=\"wpb_wrapper vc_figure\">\n\t\t\t<div class=\"vc_single_image-wrapper   vc_box_border_grey\"><img width=\"1024\" height=\"873\" src=\"https:\/\/linkingpartners.org\/wp-content\/uploads\/2018\/08\/pinkhousemahala-1024x873.jpg\" class=\"vc_single_image-img attachment-large\" alt=\"\" loading=\"lazy\" title=\"pinkhousemahala\" srcset=\"https:\/\/linkingpartners.org\/wp-content\/uploads\/2018\/08\/pinkhousemahala.jpg 1024w, https:\/\/linkingpartners.org\/wp-content\/uploads\/2018\/08\/pinkhousemahala-600x512.jpg 600w, https:\/\/linkingpartners.org\/wp-content\/uploads\/2018\/08\/pinkhousemahala-300x256.jpg 300w, https:\/\/linkingpartners.org\/wp-content\/uploads\/2018\/08\/pinkhousemahala-768x655.jpg 768w\" sizes=\"(max-width: 1024px) 100vw, 1024px\"  data-dt-location=\"https:\/\/linkingpartners.org\/sr\/we-believe\/pinkhousemahala\/\" \/><\/div>\n\t\t<\/figure>\n\t<\/div>\n<\/div><\/div><\/div><div class=\"wpb_column vc_column_container vc_col-sm-6\"><div class=\"vc_column-inner\"><div class=\"wpb_wrapper\">\n\t<div class=\"wpb_text_column wpb_content_element  wpb_animate_when_almost_visible wpb_slideInUp slideInUp\" >\n\t\t<div class=\"wpb_wrapper\">\n\t\t\t<h2>HRI\u0160\u0106ANI SE OKUPLJAJU U SVOJIM DOMOVIMA<\/h2>\n<p class=\"project-text\"><strong>Ovo je poput fudbalske utakmice. 22 igra\u010da na terenu u\u010destvuju u igri. Stotine i hiljade u klupama samo sede i zabavljaju se. Velika ve\u0107ina na tim klupama ni ne razmi\u0161lja o tome da si\u0111e na teren niti da igra fudbal. Nama su potrebni  ljudi koji \u017eele da budu aktivno uklju\u010deni.<\/strong><\/p>\n<p>Sastajanje u ku\u0107ama \u010dini da grupe budu male. Dinamika male grupe (od 20 i manje \u010dlanova) za razliku od ve\u0107e grupe vodi do stvaranja razli\u010ditih Hri\u0161\u0107ana koji funkcioni\u0161u na svoj na\u010din. Ve\u0107e grupe, po pravilu, proizvode posmatra\u010de. Manje grupe proizvode u\u010desnike.<\/p>\n<p>Pismo nam jasno pokazuje da je dom mesto sastajanja Hri\u0161\u0107ana iz prvog veka. Zapravo, verujemo da istorija nije zabele\u017eila mesto za javno okupljanje hri\u0161\u0107ana u nekoj gra\u0111evini van ku\u0107e sve do tre\u0107eg veka. Ovo nam govori da su u prvih 200 godina ku\u0107e bile savr\u0161eno mesto za okupljanje. Nemamo sredstva za izgradnju javnih mesta za okupljanje u svakom selu u Srbiji i do ovog trenutka nismo prepoznali kapacitet me\u0111u lokalnim romskim stanovni\u0161tvom da izgrade ove gra\u0111evine sopstvenim sredstvima.<br \/>\nMe\u0111utim, za oko 900 ameri\u010dkih dolara mese\u010dno, pojedinac, grupa, crkva ili firma mo\u017ee da podr\u017ei pastora koji \u0107e posvetiti svoje vreme razvoju vo\u0111a koji \u0107e zapo\u010dinjati i voditi crkve u stotinama romskih sela u Srbiji, gde evan\u0111elje jo\u0161 nije ni do\u0161lo.<\/p>\n\n\t\t<\/div>\n\t<\/div>\n<\/div><\/div><\/div><\/div><div class=\"vc_separator wpb_content_element vc_separator_align_center vc_sep_width_100 vc_sep_pos_align_center vc_separator_no_text vc_sep_color_grey vc_custom_1617762729686  vc_custom_1617762729686 wpb_animate_when_almost_visible wpb_slideInUp slideInUp wpb_animate_when_almost_visible wpb_slideInUp slideInUp\" ><span class=\"vc_sep_holder vc_sep_holder_l\"><span class=\"vc_sep_line\"><\/span><\/span><span class=\"vc_sep_holder vc_sep_holder_r\"><span class=\"vc_sep_line\"><\/span><\/span>\n<\/div><\/div><\/div><\/div><\/div><div class=\"vc_row wpb_row vc_row-fluid vc_custom_1617762678676\"><div class=\"wpb_column vc_column_container vc_col-sm-12\"><div class=\"vc_column-inner\"><div class=\"wpb_wrapper\"><div class=\"vc_row wpb_row vc_inner vc_row-fluid\"><div class=\"wpb_column vc_column_container vc_col-sm-6\"><div class=\"vc_column-inner\"><div class=\"wpb_wrapper\">\n\t<div  class=\"wpb_single_image wpb_content_element vc_align_center  wpb_animate_when_almost_visible wpb_slideInUp slideInUp\">\n\t\t\n\t\t<figure class=\"wpb_wrapper vc_figure\">\n\t\t\t<div class=\"vc_single_image-wrapper   vc_box_border_grey\"><img width=\"1024\" height=\"768\" src=\"https:\/\/linkingpartners.org\/wp-content\/uploads\/2018\/08\/ourguysstudying-1024x768.jpg\" class=\"vc_single_image-img attachment-large\" alt=\"\" loading=\"lazy\" title=\"ourguysstudying\" srcset=\"https:\/\/linkingpartners.org\/wp-content\/uploads\/2018\/08\/ourguysstudying.jpg 1024w, https:\/\/linkingpartners.org\/wp-content\/uploads\/2018\/08\/ourguysstudying-600x450.jpg 600w, https:\/\/linkingpartners.org\/wp-content\/uploads\/2018\/08\/ourguysstudying-300x225.jpg 300w, https:\/\/linkingpartners.org\/wp-content\/uploads\/2018\/08\/ourguysstudying-768x576.jpg 768w\" sizes=\"(max-width: 1024px) 100vw, 1024px\"  data-dt-location=\"https:\/\/linkingpartners.org\/sr\/we-believe\/ourguysstudying\/\" \/><\/div>\n\t\t<\/figure>\n\t<\/div>\n<\/div><\/div><\/div><div class=\"wpb_column vc_column_container vc_col-sm-6\"><div class=\"vc_column-inner\"><div class=\"wpb_wrapper\">\n\t<div class=\"wpb_text_column wpb_content_element  wpb_animate_when_almost_visible wpb_slideInUp slideInUp\" >\n\t\t<div class=\"wpb_wrapper\">\n\t\t\t<h2>KRATAK CIKLUS OBUKA ZA VO\u0110E<\/h2>\n<p class=\"project-text\"><strong>Niki je u\u010denik srednje \u0161kole. On je tako\u0111e vo\u0111a ku\u0107ne crkve u Prokuplju i jo\u0161 jedne u selu u blizini. Niki sledi plan koji vidimo u Delima apostolskim.<\/strong><\/p>\n<p>Na osnovu onoga \u0161to nam Pismo govori o Apostolu Pavlu, on je, u svakom mestu\/selu u koje je i\u0161ao, osim u Korintu i Efesu, proveo manje od 3 meseca.<\/p>\n<p>\u2022 Pavlova prva tri misijska putovanja su se desila od 46. do 58. godine nove ere: u toj slu\u017ebi oje proveo oko 12 godina i posetio je 33 mesta.<br \/>\n\u2022 Kada oduzmemo godinu i po dana u Korintu i dve godine u Efesu, za ostalih 31 mesta nam ostaje devet i po godina.<br \/>\n\u2022 Ovo nam govori da je u proseku proveo oko tri meseca u svakom mestu\/selu.<\/p>\n<p>Ovo nije bilo dovoljno za mnogo formalnog treninga. Ve\u0107ina ovih vo\u0111a su morali da u\u010de \u010dinjenjem - trening u radu. Su\u0161tina nije u tome da je formalna edukacija lo\u0161a, ve\u0107 je stvar u tome da nije od su\u0161tinske va\u017enosti za Bo\u017eije pokretanje u odre\u0111enim oblastima. Ne mo\u017eemo imati izgovor da su nam potrebni dobro istrenirane vo\u0111e pre nego \u0161to krenemo u odre\u0111ene oblasti. Formalna edukacija je imala udeo u evan\u0111eoskom radu u Srbiji i igra\u0107e zna\u010dajnu ulogu u budu\u0107nosti u o\u010dekivanju novog dela koje tek treba da se zapo\u010dne u bliskoj budu\u0107nosti.<\/p>\n<h1><\/h1>\n\n\t\t<\/div>\n\t<\/div>\n<\/div><\/div><\/div><\/div><div class=\"vc_separator wpb_content_element vc_separator_align_center vc_sep_width_100 vc_sep_pos_align_center vc_separator_no_text vc_sep_color_grey vc_custom_1617762737758  vc_custom_1617762737758 wpb_animate_when_almost_visible wpb_slideInUp slideInUp wpb_animate_when_almost_visible wpb_slideInUp slideInUp\" ><span class=\"vc_sep_holder vc_sep_holder_l\"><span class=\"vc_sep_line\"><\/span><\/span><span class=\"vc_sep_holder vc_sep_holder_r\"><span class=\"vc_sep_line\"><\/span><\/span>\n<\/div><\/div><\/div><\/div><\/div><div class=\"vc_row wpb_row vc_row-fluid vc_custom_1617762685346\"><div class=\"wpb_column vc_column_container vc_col-sm-12\"><div class=\"vc_column-inner\"><div class=\"wpb_wrapper\"><div class=\"vc_row wpb_row vc_inner vc_row-fluid\"><div class=\"wpb_column vc_column_container vc_col-sm-6\"><div class=\"vc_column-inner\"><div class=\"wpb_wrapper\">\n\t<div  class=\"wpb_single_image wpb_content_element vc_align_center  wpb_animate_when_almost_visible wpb_slideInUp slideInUp\">\n\t\t\n\t\t<figure class=\"wpb_wrapper vc_figure\">\n\t\t\t<div class=\"vc_single_image-wrapper   vc_box_border_grey\"><img width=\"1024\" height=\"683\" src=\"https:\/\/linkingpartners.org\/wp-content\/uploads\/2018\/08\/jack-sharp-579583-unsplash-1024x683.jpg\" class=\"vc_single_image-img attachment-large\" alt=\"\" loading=\"lazy\" title=\"jack-sharp-579583-unsplash\" srcset=\"https:\/\/linkingpartners.org\/wp-content\/uploads\/2018\/08\/jack-sharp-579583-unsplash-1024x683.jpg 1024w, https:\/\/linkingpartners.org\/wp-content\/uploads\/2018\/08\/jack-sharp-579583-unsplash-600x400.jpg 600w, https:\/\/linkingpartners.org\/wp-content\/uploads\/2018\/08\/jack-sharp-579583-unsplash-300x200.jpg 300w, https:\/\/linkingpartners.org\/wp-content\/uploads\/2018\/08\/jack-sharp-579583-unsplash-768x512.jpg 768w\" sizes=\"(max-width: 1024px) 100vw, 1024px\"  data-dt-location=\"https:\/\/linkingpartners.org\/sr\/we-believe\/jack-sharp-579583-unsplash\/\" \/><\/div>\n\t\t<\/figure>\n\t<\/div>\n<\/div><\/div><\/div><div class=\"wpb_column vc_column_container vc_col-sm-6\"><div class=\"vc_column-inner\"><div class=\"wpb_wrapper\">\n\t<div class=\"wpb_text_column wpb_content_element  wpb_animate_when_almost_visible wpb_slideInUp slideInUp\" >\n\t\t<div class=\"wpb_wrapper\">\n\t\t\t<h2>PODU\u010cAVANJE PUTEM MENTORISANJA<\/h2>\n<p class=\"project-text\"><strong>Dragan radi sa Ne\u0161om i Danijelom, i svaki od njih vodi ku\u0107nu grupu. Ne\u0161a i Danijel rade sa novim potencijalnim vo\u0111ama u svojim ku\u0107nim grupama. U\u010denik stavara u\u010denike, a vo\u0111a stvara vo\u0111e. Eksponencijalnim umno\u017eavanjem, dosti\u0107i \u0107emo sve Rome u Srbiji. Razmislite o zajedni\u010dkoj podr\u0161ci koju mo\u017eete pru\u017eiti ovim u\u010denicima koji stvaraju u\u010denike.<\/strong><\/p>\n<p>Nikome od nas nije zagarantovana budu\u0107nost na ovoj zemlji, stoga, za\u0161to smatramo da ono \u0161to znamo i ono \u0161to radimo treba da ode u grob sa nama? Svi mi treba da po\u010dnemo da prebacujemo ovo znanje na na\u0161e zamene. Nakon odre\u0111enog vremena, oni koje smo trenirali mogu da odu na neko novo mesto gde je potreban vo\u0111a dok mi tragamo za drugim u\u010denikom. Veoma je mogu\u0107e da vo\u0111a istrenira i preokrene novog vo\u0111u za godinu dana. Zamislite kakav bi ovo uticaj imalo na delo za Carstvo. Proaktivno razmi\u0161ljanje i planiranje \u0107e biti od zna\u010dajne koristi za pomaganje promene mentaliteta mnogih Roma.<br \/>\nMnoge od ovih lekcija su nau\u010dene kroz posmatranje Zapadnja\u010dke crkve koja je u iskrenom i vrednom pohodu na kraju okrenula svoj fokus ka unutra, stvaraju\u0107i crkvu ispunjenu posmatra\u010dima ili \"kulturnim hri\u0161\u0107anima\" umesto \u017eivih, samo-razmno\u017eavaju\u0107ih vernika. Na\u0161a molitva je da romska crkva u Srbiji nastavi da posmatra ranu crkvu kao model, a ne mega-crkve u Americi. Ose\u0107amo se privilegovanim da radimo sa na\u0161om romskom bra\u0107om i sestrama u crkvi u kojoj se Bog kre\u0107e na mo\u0107ne na\u010dine.<\/p>\n\n\t\t<\/div>\n\t<\/div>\n<\/div><\/div><\/div><\/div><div class=\"vc_separator wpb_content_element vc_separator_align_center vc_sep_width_100 vc_sep_pos_align_center vc_separator_no_text vc_sep_color_grey vc_custom_1617762746444  vc_custom_1617762746444 wpb_animate_when_almost_visible wpb_slideInUp slideInUp wpb_animate_when_almost_visible wpb_slideInUp slideInUp\" ><span class=\"vc_sep_holder vc_sep_holder_l\"><span class=\"vc_sep_line\"><\/span><\/span><span class=\"vc_sep_holder vc_sep_holder_r\"><span class=\"vc_sep_line\"><\/span><\/span>\n<\/div><\/div><\/div><\/div><\/div>\n<\/section>","protected":false},"excerpt":{"rendered":"<p>OUR ULTIMATE GOAL To have a functioning group of Christian believers within walking distance of at least 90% of the Roma people in Serbia. Our main work emphasis is based on what we believe to be the greatest need (outside of everyone knowing Jesus as Savior) in the Roma community in Serbia, which is raising&hellip;<\/p>","protected":false},"author":1,"featured_media":4477,"parent":0,"menu_order":0,"comment_status":"closed","ping_status":"closed","template":"","meta":{"spay_email":""},"_links":{"self":[{"href":"https:\/\/linkingpartners.org\/sr\/wp-json\/wp\/v2\/pages\/12"}],"collection":[{"href":"https:\/\/linkingpartners.org\/sr\/wp-json\/wp\/v2\/pages"}],"about":[{"href":"https:\/\/linkingpartners.org\/sr\/wp-json\/wp\/v2\/types\/page"}],"author":[{"embeddable":true,"href":"https:\/\/linkingpartners.org\/sr\/wp-json\/wp\/v2\/users\/1"}],"replies":[{"embeddable":true,"href":"https:\/\/linkingpartners.org\/sr\/wp-json\/wp\/v2\/comments?post=12"}],"version-history":[{"count":11,"href":"https:\/\/linkingpartners.org\/sr\/wp-json\/wp\/v2\/pages\/12\/revisions"}],"predecessor-version":[{"id":4924,"href":"https:\/\/linkingpartners.org\/sr\/wp-json\/wp\/v2\/pages\/12\/revisions\/4924"}],"wp:featuredmedia":[{"embeddable":true,"href":"https:\/\/linkingpartners.org\/sr\/wp-json\/wp\/v2\/media\/4477"}],"wp:attachment":[{"href":"https:\/\/linkingpartners.org\/sr\/wp-json\/wp\/v2\/media?parent=12"}],"curies":[{"name":"wp","href":"https:\/\/api.w.org\/{rel}","templated":true}]}}