{"id":18,"date":"2018-01-10T09:59:29","date_gmt":"2018-01-10T09:59:29","guid":{"rendered":"http:\/\/wp2.upupload.com\/blog64690\/iispoi0k064690\/?page_id=18"},"modified":"2021-05-31T21:21:12","modified_gmt":"2021-06-01T02:21:12","slug":"ways-to-help","status":"publish","type":"page","link":"https:\/\/linkingpartners.org\/sr\/ways-to-help\/","title":{"rendered":"PROJEKTI"},"content":{"rendered":"<section class=\"wpb-content-wrapper\"><div class=\"vc_row wpb_row vc_row-fluid\"><div class=\"wpb_column vc_column_container vc_col-sm-12\"><div class=\"vc_column-inner\"><div class=\"wpb_wrapper\">\n\t<div class=\"wpb_text_column wpb_content_element  vc_custom_1621014713457\" >\n\t\t<div class=\"wpb_wrapper\">\n\t\t\t<h1 style=\"text-align: center;\">100% VA\u0160E DONACIJE IDE DIREKTNO LJUDIMA.<\/h1>\n<h2 style=\"text-align: center;\">0 $ IDE NA TRO\u0160KOVE PUTA - 0 $ NA PLATE - 0 $ NA TRO\u0160KOVE RE\u017dIJA<\/h2>\n<h2 style=\"text-align: center;\">KADA KA\u017dEMO 100%, ONDA TO I MISLIMO.<\/h2>\n\n\t\t<\/div>\n\t<\/div>\n\n\t<div class=\"wpb_text_column wpb_content_element  vc_custom_1621281603316\" >\n\t\t<div class=\"wpb_wrapper\">\n\t\t\t<h2 class=\"projects-heading\">NAU\u010cI \u010cOVEKA DA PECA<\/h2>\n<p>Mali, jednostavni projekti koji \u0107e biti samoodr\u017eivi i nude u\u010desnicima projekta mogu\u0107nost da, za uzvrat, drugima u romskoj zajednici prenesu svoje znanje, sirovine pa i potomstvo \u017eivotinja sa kojima rade, kako bi i drugi imali \u0161ansu da pobolj\u0161aju svoj \u017eivot.<\/p>\n<p>Odvajamo 10.000 ameri\u010dkih dolara sa maksimumom od 500 ameri\u010dkih dolara po projektu. Ovo nam obezbe\u0111uje minimum 20 projekata. (Ne mora svaki projekat da bude u vrednosti od 500 ameri\u010dkih dolara. Neka ulaganja mogu biti i manja od 200 ameri\u010dkih dolara)<\/p>\n<p>Primeri: projekti koje uzimamo u obzir nisu ograni\u010deni samo na ove oblasti, ali mogu\u0107nosti podrazumevaju kupovinu \u017eivotinja poput koza, ze\u010deva ili pili\u0107a \u010diji proizvodi mogu da se koriste za ishranu (mleko, sir, jaja, meso) ili za krzno koje \u0107e se koristiti za izradu vune ili se mogu koristiti za uzgoj kako bi se potomci \u017eivotinja preneli na drugu porodicu; tako\u0111e, podrazumevaju kupovinu ma\u0161ine za \u0161ivenje, i osoba koja dobije ma\u0161inu nau\u010di (ili ve\u0107 zna) da napravi neki proizvod koji se mo\u017ee prodati, a potom prenese svoja znanja i ve\u0161tine na druge ljude koji tako\u0111e mogu da se uklju\u010de u projekat i dobiju svoju \u0161iva\u0107u ma\u0161inu; osim toga, postoji mogu\u0107nosti i postavljanja plastenika koji \u0107e obezbediti poljoprivredniku da produ\u017ei sezonu, da poseje ranije, da po\u017eanje kasnije i da dozvoli kom\u0161ijama da koriste prostor za uzgoj sopstvenih biljaka i da zapo\u010dnu bavljenje poljoprivredom, u\u010de\u0107i ve\u0161tine koje su potrebne za postavljanje sopstvengo plastenika; jo\u0161 jedna ideja je kupovina alata i materijala za stolariju koje majstor mo\u017ee da koristiti kako bi proizveo ono \u0161to mo\u017ee da proda ali i da podu\u010di druge putem mentorisanja, ve\u0161tinama koje poseduje.<\/p>\n<p>Voleli bismo da svaki u\u010desnik projekta na kraju ovu investiciju vrati, ali ne nama, ve\u0107 tako \u0161to \u0107e pomo\u0107i nekome ko ima sli\u010dnu ideju ili kroz treniranje drugih za ono \u010dime se on\/ona ve\u0107 bavi. Procenu programa \u0107emo raditi na kraju svake godine, i proceni\u0107emo njihov napredak u smislu da li su pove\u0107ali svoj prihod od ovog projekta i da li su postali sposobniji da svoja znanja i ve\u0161tine prenesu drugima, kao \u0161to je gore i navedeno.<\/p>\n\n\t\t<\/div>\n\t<\/div>\n<div class=\"vc_row wpb_row vc_inner vc_row-fluid vc_custom_1621281939473\"><div class=\"wpb_column vc_column_container vc_col-sm-6\"><div class=\"vc_column-inner\"><div class=\"wpb_wrapper\"><style type=\"text\/css\" data-type=\"the7_shortcodes-inline-css\">#default-btn-3ea29480e025ff941a55b28e6ec09e39.ico-right-side > i {\n  margin-right: 0px;\n  margin-left: 8px;\n}\n#default-btn-3ea29480e025ff941a55b28e6ec09e39 > i {\n  margin-right: 8px;\n}\n#default-btn-3ea29480e025ff941a55b28e6ec09e39 * {\n  vertical-align: middle;\n}\n<\/style><div class=\"btn-align-center\"><a href=\"https:\/\/linkingpartners.org\/sr\/donations\/teach-a-man-to-fish-serbia\/\" class=\"default-btn-shortcode dt-btn dt-btn-l link-hover-off  vc_custom_1622513966118\" id=\"default-btn-3ea29480e025ff941a55b28e6ec09e39\" title=\"DONIRAJTE\"><span>Donirajte za Srbiju<\/span><\/a><\/div><div class=\"vc_btn3-container vc_btn3-center vc_custom_1621281575522\" ><button class=\"vc_general vc_btn3 vc_btn3-size-md vc_btn3-shape-rounded vc_btn3-style-modern vc_btn3-color-inverse\">Pove\u017eite se sa ovom misijom (Srbija)<\/button><\/div><\/div><\/div><\/div><div class=\"wpb_column vc_column_container vc_col-sm-6\"><div class=\"vc_column-inner vc_custom_1621281820719\"><div class=\"wpb_wrapper\"><style type=\"text\/css\" data-type=\"the7_shortcodes-inline-css\">#default-btn-71fe37b7d5d1a96c0c3a007f23efcf59.ico-right-side > i {\n  margin-right: 0px;\n  margin-left: 8px;\n}\n#default-btn-71fe37b7d5d1a96c0c3a007f23efcf59 > i {\n  margin-right: 8px;\n}\n#default-btn-71fe37b7d5d1a96c0c3a007f23efcf59 * {\n  vertical-align: middle;\n}\n<\/style><div class=\"btn-align-center\"><a href=\"https:\/\/linkingpartners.org\/sr\/donations\/teach-a-man-to-fish-us\/\" class=\"default-btn-shortcode dt-btn dt-btn-l link-hover-off  vc_custom_1622513980214\" id=\"default-btn-71fe37b7d5d1a96c0c3a007f23efcf59\" title=\"DONIRAJTE\"><span>Donirajte za Ameriku<\/span><\/a><\/div><div class=\"vc_btn3-container vc_btn3-center vc_custom_1621281584731\" ><button class=\"vc_general vc_btn3 vc_btn3-size-md vc_btn3-shape-rounded vc_btn3-style-modern vc_btn3-color-inverse\">Pove\u017eite se sa ovom misijom (SAD)<\/button><\/div><\/div><\/div><\/div><\/div><\/div><\/div><\/div><\/div><div class=\"vc_row wpb_row vc_row-fluid vc_custom_1620855823285\"><div class=\"wpb_column vc_column_container vc_col-sm-12\"><div class=\"vc_column-inner\"><div class=\"wpb_wrapper\">\n\t<div class=\"wpb_text_column wpb_content_element  vc_custom_1621281653286\" >\n\t\t<div class=\"wpb_wrapper\">\n\t\t\t<h2 class=\"projects-heading\">PODR\u017dITE PASTORA KOJI OSNIVA CRKVE<\/h2>\n<p class=\"projects-heading\">Za manje od 100 ameri\u010dkih dolara mese\u010dno, mo\u017eemo pokriti putne tro\u0161kove za pastora koji osniva ku\u0107ne crkve i koji putuje izvan mesta u kom stalno prebiva.<\/p>\n<p class=\"projects-heading\">Ovaj iznos obezbe\u0111uje sredstva za pastire, bilo za gorivo ili kartu za prevoz kojim \u0107e pastir da poseti sela u okolini i neke osnovne potrep\u0161tine za u\u010denje, kao \u0161to su Evan\u0111elja u slikama, Bibliju na srpskom jeziku i druge materijale za u\u010denje. Molimo vas da u molitvi razmislite da li biste hteli da postane dragi \u010dlan romske zajednice, tako \u0161to \u0107ete podr\u017eati pastira koji slu\u017ei u tim zajednicama na na\u010dine na koje do sada niste do\u017eiveli.<\/p>\n\n\t\t<\/div>\n\t<\/div>\n<div class=\"vc_row wpb_row vc_inner vc_row-fluid vc_custom_1621281971713\"><div class=\"wpb_column vc_column_container vc_col-sm-6\"><div class=\"vc_column-inner\"><div class=\"wpb_wrapper\"><style type=\"text\/css\" data-type=\"the7_shortcodes-inline-css\">#default-btn-12ef5c2877a1a57e7e96a7f062223140.ico-right-side > i {\n  margin-right: 0px;\n  margin-left: 8px;\n}\n#default-btn-12ef5c2877a1a57e7e96a7f062223140 > i {\n  margin-right: 8px;\n}\n#default-btn-12ef5c2877a1a57e7e96a7f062223140 * {\n  vertical-align: middle;\n}\n<\/style><div class=\"btn-align-center\"><a href=\"https:\/\/linkingpartners.org\/sr\/donations\/support-plant-pastor-serbia\/\" class=\"default-btn-shortcode dt-btn dt-btn-l link-hover-off  vc_custom_1622513990902\" id=\"default-btn-12ef5c2877a1a57e7e96a7f062223140\" title=\"DONIRAJTE\"><span>Donirajte za Srbiju<\/span><\/a><\/div><div class=\"vc_btn3-container vc_btn3-center vc_custom_1620855196896\" ><button class=\"vc_general vc_btn3 vc_btn3-size-md vc_btn3-shape-rounded vc_btn3-style-modern vc_btn3-color-inverse\">Pove\u017eite se sa ovom misijom (Srbija)<\/button><\/div><\/div><\/div><\/div><div class=\"wpb_column vc_column_container vc_col-sm-6\"><div class=\"vc_column-inner\"><div class=\"wpb_wrapper\"><style type=\"text\/css\" data-type=\"the7_shortcodes-inline-css\">#default-btn-e8f841b86f43afc3f848afe51de04f5f.ico-right-side > i {\n  margin-right: 0px;\n  margin-left: 8px;\n}\n#default-btn-e8f841b86f43afc3f848afe51de04f5f > i {\n  margin-right: 8px;\n}\n#default-btn-e8f841b86f43afc3f848afe51de04f5f * {\n  vertical-align: middle;\n}\n<\/style><div class=\"btn-align-center\"><a href=\"https:\/\/linkingpartners.org\/sr\/donations\/support-plant-pastor-us\/\" class=\"default-btn-shortcode dt-btn dt-btn-l link-hover-off  vc_custom_1622514000252\" id=\"default-btn-e8f841b86f43afc3f848afe51de04f5f\" title=\"DONIRAJTE\"><span>Donirajte za Ameriku<\/span><\/a><\/div><div class=\"vc_btn3-container vc_btn3-center vc_custom_1620855209259\" ><button class=\"vc_general vc_btn3 vc_btn3-size-md vc_btn3-shape-rounded vc_btn3-style-modern vc_btn3-color-inverse\">Pove\u017eite se sa ovom misijom (SAD)<\/button><\/div><\/div><\/div><\/div><\/div><\/div><\/div><\/div><\/div><div class=\"vc_row wpb_row vc_row-fluid vc_custom_1620855836142\"><div class=\"wpb_column vc_column_container vc_col-sm-12\"><div class=\"vc_column-inner\"><div class=\"wpb_wrapper\">\n\t<div class=\"wpb_text_column wpb_content_element  vc_custom_1621281671173\" >\n\t\t<div class=\"wpb_wrapper\">\n\t\t\t<h2 class=\"projects-heading\">SLU\u017dBA KAPA I \u0106EBI\u0106A<\/h2>\n<p>\"Dame koje pletu\" u Sjedinjenim Ameri\u010dkim Dr\u017eavama stvaraju tople, vunene kape za decu u selu i za mlade, a \"Dame koje prave \u0107ebi\u0107e\" prave \u0107ebi\u0107e za bebe koje dodaju uz tople kapice za bebe.<\/p>\n<p>Dok ove kape i \u0107ebi\u0107i nastaju, oni koji ih tvore se mole za primaoca svake od tih pojedina\u010dnih stvari. Ove kape i \u0107ebi\u0107i se potom dele u romskim selima i naseljima \u0161irom Srbije kako bismo pokazali na\u0161u ljubav i brigu za njih na najprakti\u010dniji na\u010din. U ovom programu mo\u017eete u\u010destvovati pletenjem ili vezenjem bilo kakve kape, bilo da je za bebu ili odraslog \u010doveka, i to od perive vune (molimo da to ne bude akrilna vuna - jer treba da budu tople), ili tako \u0161to \u0107ete donirati kape ili \u0107ebi\u0107e sredstvima za kupovinu vune ili flanela.<\/p>\n\n\t\t<\/div>\n\t<\/div>\n<div class=\"vc_row wpb_row vc_inner vc_row-fluid vc_custom_1621281989717\"><div class=\"wpb_column vc_column_container vc_col-sm-6\"><div class=\"vc_column-inner\"><div class=\"wpb_wrapper\"><style type=\"text\/css\" data-type=\"the7_shortcodes-inline-css\">#default-btn-5de8d4fb479db055974238c68c879e57.ico-right-side > i {\n  margin-right: 0px;\n  margin-left: 8px;\n}\n#default-btn-5de8d4fb479db055974238c68c879e57 > i {\n  margin-right: 8px;\n}\n#default-btn-5de8d4fb479db055974238c68c879e57 * {\n  vertical-align: middle;\n}\n<\/style><div class=\"btn-align-center\"><a href=\"https:\/\/linkingpartners.org\/sr\/donations\/cap-blanket-ministry-serbia\/\" class=\"default-btn-shortcode dt-btn dt-btn-l link-hover-off  vc_custom_1622514009645\" id=\"default-btn-5de8d4fb479db055974238c68c879e57\" title=\"DONIRAJTE\"><span>Donirajte za Srbiju<\/span><\/a><\/div><div class=\"vc_btn3-container vc_btn3-center vc_custom_1620855196896\" ><button class=\"vc_general vc_btn3 vc_btn3-size-md vc_btn3-shape-rounded vc_btn3-style-modern vc_btn3-color-inverse\">Pove\u017eite se sa ovom misijom (Srbija)<\/button><\/div><\/div><\/div><\/div><div class=\"wpb_column vc_column_container vc_col-sm-6\"><div class=\"vc_column-inner\"><div class=\"wpb_wrapper\"><style type=\"text\/css\" data-type=\"the7_shortcodes-inline-css\">#default-btn-588938cfef7db3e9b0c629489cbf900f.ico-right-side > i {\n  margin-right: 0px;\n  margin-left: 8px;\n}\n#default-btn-588938cfef7db3e9b0c629489cbf900f > i {\n  margin-right: 8px;\n}\n#default-btn-588938cfef7db3e9b0c629489cbf900f * {\n  vertical-align: middle;\n}\n<\/style><div class=\"btn-align-center\"><a href=\"https:\/\/linkingpartners.org\/sr\/donations\/support-plant-pastor-us\/\" class=\"default-btn-shortcode dt-btn dt-btn-l link-hover-off  vc_custom_1622514019733\" id=\"default-btn-588938cfef7db3e9b0c629489cbf900f\" title=\"DONIRAJTE\"><span>Donirajte za Ameriku<\/span><\/a><\/div><div class=\"vc_btn3-container vc_btn3-center vc_custom_1620855209259\" ><button class=\"vc_general vc_btn3 vc_btn3-size-md vc_btn3-shape-rounded vc_btn3-style-modern vc_btn3-color-inverse\">Pove\u017eite se sa ovom misijom (SAD)<\/button><\/div><\/div><\/div><\/div><\/div><\/div><\/div><\/div><\/div><div class=\"vc_row wpb_row vc_row-fluid vc_custom_1620855855139\"><div class=\"wpb_column vc_column_container vc_col-sm-12\"><div class=\"vc_column-inner\"><div class=\"wpb_wrapper\">\n\t<div class=\"wpb_text_column wpb_content_element  vc_custom_1621281680793\" >\n\t\t<div class=\"wpb_wrapper\">\n\t\t\t<h2 class=\"projects-heading\">PODR\u017dITE OBRAZOVANJE ROMSKE DECE<\/h2>\n<p>Romska deca su \"obavezna\" da zavr\u0161e osnovnu \u0161kolu, ali se ta obaveza ne ispo\u0161tuje uvek.<\/p>\n<p>Postoje mnogi razlozi za\u0161to se ovo ne de\u0161ava, ali neke od tih razloga mo\u017eemo da re\u0161imo va\u0161im velikodu\u0161nim darom Linking Partners-u. Deca u nekim selima ne dobijaju ni \u0161kolsku opremu ni ud\u017ebenike, a Linking Partners je bio u mogu\u0107nosti da snabde nekolicinu sela u kojima bi se \u0161kole zatvorile da deca nisu imala sredstva za poha\u0111anje nastave. Druga hitna potreba je pogodna zimska obu\u0107a za decu koja poha\u0111aju \u0161kolu. Prose\u010dno selo mo\u017ee da nabavi obu\u0107u i \u0161kolsku opremu za iznos od 500 do 1000 ameri\u010dkih dolara u zavisnosti od veli\u010dine sela, i uz to se mogu dodati jo\u0161 neki manji pokloni. Molimo vas da uzmete u razmatranje podr\u0161ku ovog projekta.<\/p>\n\n\t\t<\/div>\n\t<\/div>\n<div class=\"vc_row wpb_row vc_inner vc_row-fluid vc_custom_1621282004929\"><div class=\"wpb_column vc_column_container vc_col-sm-6\"><div class=\"vc_column-inner\"><div class=\"wpb_wrapper\"><style type=\"text\/css\" data-type=\"the7_shortcodes-inline-css\">#default-btn-4a95703cda26d1ef12b07e9e1e27b5d7.ico-right-side > i {\n  margin-right: 0px;\n  margin-left: 8px;\n}\n#default-btn-4a95703cda26d1ef12b07e9e1e27b5d7 > i {\n  margin-right: 8px;\n}\n#default-btn-4a95703cda26d1ef12b07e9e1e27b5d7 * {\n  vertical-align: middle;\n}\n<\/style><div class=\"btn-align-center\"><a href=\"https:\/\/linkingpartners.org\/sr\/donations\/support-children-education-serbia\/\" class=\"default-btn-shortcode dt-btn dt-btn-l link-hover-off  vc_custom_1622514029280\" id=\"default-btn-4a95703cda26d1ef12b07e9e1e27b5d7\" title=\"DONIRAJTE\"><span>Donirajte za Srbiju<\/span><\/a><\/div><div class=\"vc_btn3-container vc_btn3-center vc_custom_1620855196896\" ><button class=\"vc_general vc_btn3 vc_btn3-size-md vc_btn3-shape-rounded vc_btn3-style-modern vc_btn3-color-inverse\">Pove\u017eite se sa ovom misijom (Srbija)<\/button><\/div><\/div><\/div><\/div><div class=\"wpb_column vc_column_container vc_col-sm-6\"><div class=\"vc_column-inner\"><div class=\"wpb_wrapper\"><style type=\"text\/css\" data-type=\"the7_shortcodes-inline-css\">#default-btn-e38556a0e53b6db7362111ba90152be1.ico-right-side > i {\n  margin-right: 0px;\n  margin-left: 8px;\n}\n#default-btn-e38556a0e53b6db7362111ba90152be1 > i {\n  margin-right: 8px;\n}\n#default-btn-e38556a0e53b6db7362111ba90152be1 * {\n  vertical-align: middle;\n}\n<\/style><div class=\"btn-align-center\"><a href=\"https:\/\/linkingpartners.org\/sr\/donations\/support-children-education-us\/\" class=\"default-btn-shortcode dt-btn dt-btn-l link-hover-off  vc_custom_1622514035657\" id=\"default-btn-e38556a0e53b6db7362111ba90152be1\" title=\"DONIRAJTE\"><span>Donirajte za Ameriku<\/span><\/a><\/div><div class=\"vc_btn3-container vc_btn3-center vc_custom_1620855209259\" ><button class=\"vc_general vc_btn3 vc_btn3-size-md vc_btn3-shape-rounded vc_btn3-style-modern vc_btn3-color-inverse\">Pove\u017eite se sa ovom misijom (SAD)<\/button><\/div><\/div><\/div><\/div><\/div><\/div><\/div><\/div><\/div><div class=\"vc_row wpb_row vc_row-fluid vc_custom_1620855866741\"><div class=\"wpb_column vc_column_container vc_col-sm-12\"><div class=\"vc_column-inner\"><div class=\"wpb_wrapper\">\n\t<div class=\"wpb_text_column wpb_content_element  vc_custom_1621281696353\" >\n\t\t<div class=\"wpb_wrapper\">\n\t\t\t<h2 class=\"projects-heading\">PROJEKAT ELEKTRONSKE BIBLIOTEKE<\/h2>\n<p>Pretvaranje biblijskih resursa na srpskom jeziku u elektronsku verziju \u0107e stvoriti mogu\u0107nost da se \u010ditave biblioteke materijala dele sa na\u0161im vo\u0111ama.<\/p>\n<p>Na srpskom jeziku postoji mala koli\u010dina dostupnog materijala, a jo\u0161 manja u elektronskoj verziji. Mi smo posve\u0107eni izgradnji korisne biblioteke za romske vo\u0111e koji mogu da je koriste za prou\u010davanje kako bi se pokazali vrednim ljudima. Va\u0161a donacija nam mo\u017ee pomo\u0107i da pretvorimo knjige, uz po\u0161tovanje zakona o autorskim pravima, i da ih u\u010dinimo dostupnima ovim vo\u0111ama koji su gladni da pro\u0161ire svoje biblijsko znanje. U Srbiji imamo izvanredne prevodioce i voljne autore u Americi koji sara\u0111uju na izboru tema za nove knjige\/\u010dlanke itd. koji su najneophodniji za romske pastire. Drugi deo projekta elektronske biblioteke je sortiranje, organizovanje, katalogizovanje i indeksiranje stotina i stotina alata za prou\u010davanje Biblije koji su korisni za svakoga ko \u0161iri Evan\u0111elje.<\/p>\n\n\t\t<\/div>\n\t<\/div>\n<div class=\"vc_row wpb_row vc_inner vc_row-fluid vc_custom_1621282024803\"><div class=\"wpb_column vc_column_container vc_col-sm-6\"><div class=\"vc_column-inner\"><div class=\"wpb_wrapper\"><style type=\"text\/css\" data-type=\"the7_shortcodes-inline-css\">#default-btn-ee1e88b9ffd1ba87590bc3e7c424125e.ico-right-side > i {\n  margin-right: 0px;\n  margin-left: 8px;\n}\n#default-btn-ee1e88b9ffd1ba87590bc3e7c424125e > i {\n  margin-right: 8px;\n}\n#default-btn-ee1e88b9ffd1ba87590bc3e7c424125e * {\n  vertical-align: middle;\n}\n<\/style><div class=\"btn-align-center\"><a href=\"https:\/\/linkingpartners.org\/sr\/donations\/elibrary-project-serbia\/\" class=\"default-btn-shortcode dt-btn dt-btn-l link-hover-off  vc_custom_1622514046763\" id=\"default-btn-ee1e88b9ffd1ba87590bc3e7c424125e\" title=\"DONIRAJTE\"><span>Donirajte za Srbiju<\/span><\/a><\/div><div class=\"vc_btn3-container vc_btn3-center vc_custom_1620855196896\" ><button class=\"vc_general vc_btn3 vc_btn3-size-md vc_btn3-shape-rounded vc_btn3-style-modern vc_btn3-color-inverse\">Pove\u017eite se sa ovom misijom (Srbija)<\/button><\/div><\/div><\/div><\/div><div class=\"wpb_column vc_column_container vc_col-sm-6\"><div class=\"vc_column-inner\"><div class=\"wpb_wrapper\"><style type=\"text\/css\" data-type=\"the7_shortcodes-inline-css\">#default-btn-4e66defd9efa183add120ff40725d36d.ico-right-side > i {\n  margin-right: 0px;\n  margin-left: 8px;\n}\n#default-btn-4e66defd9efa183add120ff40725d36d > i {\n  margin-right: 8px;\n}\n#default-btn-4e66defd9efa183add120ff40725d36d * {\n  vertical-align: middle;\n}\n<\/style><div class=\"btn-align-center\"><a href=\"https:\/\/linkingpartners.org\/sr\/donations\/elibrary-project-us\/\" class=\"default-btn-shortcode dt-btn dt-btn-l link-hover-off  vc_custom_1622514053698\" id=\"default-btn-4e66defd9efa183add120ff40725d36d\" title=\"DONIRAJTE\"><span>Donirajte za Ameriku<\/span><\/a><\/div><div class=\"vc_btn3-container vc_btn3-center vc_custom_1620855209259\" ><button class=\"vc_general vc_btn3 vc_btn3-size-md vc_btn3-shape-rounded vc_btn3-style-modern vc_btn3-color-inverse\">Pove\u017eite se sa ovom misijom (SAD)<\/button><\/div><\/div><\/div><\/div><\/div><\/div><\/div><\/div><\/div><div class=\"vc_row wpb_row vc_row-fluid vc_custom_1620855878682\"><div class=\"wpb_column vc_column_container vc_col-sm-12\"><div class=\"vc_column-inner\"><div class=\"wpb_wrapper\">\n\t<div class=\"wpb_text_column wpb_content_element  vc_custom_1621281713310\" >\n\t\t<div class=\"wpb_wrapper\">\n\t\t\t<h2 class=\"projects-heading\">TABLET URE\u0110AJI ZA VO\u0110E<\/h2>\n<p>Pored projekta elektronske biblioteke, radimo i na obezbe\u0111ivanju digitalnih tableta za svakog vo\u0111u koji preuzme odgovornsot slu\u017eenja izvan svog doma.<\/p>\n<p>Dok ove mlade vo\u0111e idu u sela i u naselja u razli\u010ditim delovima svoga grada, treba im pouzdanje da njihova priprema za propovedanje i podu\u010davanje nije samo nadahnuta Bogom ve\u0107 i da su materijali koje su koristili za pripremanje zasnovani na \u010dvrstim pouzdanim tekstovima koji \u0107e im pomo\u0107i da vode svoje grupe. Mo\u017eete pomo\u0107i doniranjem tablet ra\u010dunara ili iPad ra\u010dunara, ili doniranjem finansijskih sredstava za ovaj projekat.<\/p>\n\n\t\t<\/div>\n\t<\/div>\n<div class=\"vc_row wpb_row vc_inner vc_row-fluid vc_custom_1621282035755\"><div class=\"wpb_column vc_column_container vc_col-sm-6\"><div class=\"vc_column-inner\"><div class=\"wpb_wrapper\"><style type=\"text\/css\" data-type=\"the7_shortcodes-inline-css\">#default-btn-df3b387c89ea919c9e63e5a9a5d70d70.ico-right-side > i {\n  margin-right: 0px;\n  margin-left: 8px;\n}\n#default-btn-df3b387c89ea919c9e63e5a9a5d70d70 > i {\n  margin-right: 8px;\n}\n#default-btn-df3b387c89ea919c9e63e5a9a5d70d70 * {\n  vertical-align: middle;\n}\n<\/style><div class=\"btn-align-center\"><a href=\"https:\/\/linkingpartners.org\/sr\/donations\/tablets-for-leaders-serbia\/\" class=\"default-btn-shortcode dt-btn dt-btn-l link-hover-off  vc_custom_1622514061672\" id=\"default-btn-df3b387c89ea919c9e63e5a9a5d70d70\" title=\"DONIRAJTE\"><span>Donirajte za Srbiju<\/span><\/a><\/div><div class=\"vc_btn3-container vc_btn3-center vc_custom_1620855196896\" ><button class=\"vc_general vc_btn3 vc_btn3-size-md vc_btn3-shape-rounded vc_btn3-style-modern vc_btn3-color-inverse\">Pove\u017eite se sa ovom misijom (Srbija)<\/button><\/div><\/div><\/div><\/div><div class=\"wpb_column vc_column_container vc_col-sm-6\"><div class=\"vc_column-inner\"><div class=\"wpb_wrapper\"><style type=\"text\/css\" data-type=\"the7_shortcodes-inline-css\">#default-btn-4672e376f34ed72fb4331ce615b68e96.ico-right-side > i {\n  margin-right: 0px;\n  margin-left: 8px;\n}\n#default-btn-4672e376f34ed72fb4331ce615b68e96 > i {\n  margin-right: 8px;\n}\n#default-btn-4672e376f34ed72fb4331ce615b68e96 * {\n  vertical-align: middle;\n}\n<\/style><div class=\"btn-align-center\"><a href=\"https:\/\/linkingpartners.org\/sr\/donations\/tablets-for-leaders-us\/\" class=\"default-btn-shortcode dt-btn dt-btn-l link-hover-off  vc_custom_1622514068441\" id=\"default-btn-4672e376f34ed72fb4331ce615b68e96\" title=\"DONIRAJTE\"><span>Donirajte za Ameriku<\/span><\/a><\/div><div class=\"vc_btn3-container vc_btn3-center vc_custom_1620855209259\" ><button class=\"vc_general vc_btn3 vc_btn3-size-md vc_btn3-shape-rounded vc_btn3-style-modern vc_btn3-color-inverse\">Pove\u017eite se sa ovom misijom (SAD)<\/button><\/div><\/div><\/div><\/div><\/div><\/div><\/div><\/div><\/div>\n<\/section>","protected":false},"excerpt":{"rendered":"<p>100% of your donation goes directly to the People. $0 traveling fees &#8211; $0 salary fees &#8211; $0 overhead When we say 100%, we mean exactly that. Teach a\u00a0man to fish Small, simple projects that will be self-sustaining and offer project participants the opportunity to, in turn, pass along their knowledge, raw materials, even the&hellip;<\/p>","protected":false},"author":1,"featured_media":4557,"parent":0,"menu_order":0,"comment_status":"closed","ping_status":"closed","template":"","meta":{"spay_email":""},"_links":{"self":[{"href":"https:\/\/linkingpartners.org\/sr\/wp-json\/wp\/v2\/pages\/18"}],"collection":[{"href":"https:\/\/linkingpartners.org\/sr\/wp-json\/wp\/v2\/pages"}],"about":[{"href":"https:\/\/linkingpartners.org\/sr\/wp-json\/wp\/v2\/types\/page"}],"author":[{"embeddable":true,"href":"https:\/\/linkingpartners.org\/sr\/wp-json\/wp\/v2\/users\/1"}],"replies":[{"embeddable":true,"href":"https:\/\/linkingpartners.org\/sr\/wp-json\/wp\/v2\/comments?post=18"}],"version-history":[{"count":23,"href":"https:\/\/linkingpartners.org\/sr\/wp-json\/wp\/v2\/pages\/18\/revisions"}],"predecessor-version":[{"id":5459,"href":"https:\/\/linkingpartners.org\/sr\/wp-json\/wp\/v2\/pages\/18\/revisions\/5459"}],"wp:featuredmedia":[{"embeddable":true,"href":"https:\/\/linkingpartners.org\/sr\/wp-json\/wp\/v2\/media\/4557"}],"wp:attachment":[{"href":"https:\/\/linkingpartners.org\/sr\/wp-json\/wp\/v2\/media?parent=18"}],"curies":[{"name":"wp","href":"https:\/\/api.w.org\/{rel}","templated":true}]}}