{"id":240,"date":"2018-08-22T16:34:34","date_gmt":"2018-08-22T16:34:34","guid":{"rendered":"http:\/\/linkingpartners.org\/?page_id=240"},"modified":"2021-05-24T14:18:28","modified_gmt":"2021-05-24T19:18:28","slug":"serbian-leaders","status":"publish","type":"page","link":"https:\/\/linkingpartners.org\/sr\/about\/serbian-leaders\/","title":{"rendered":"SRPSKE VO\u0110E I KOORDINATORI"},"content":{"rendered":"<section class=\"wpb-content-wrapper\"><div class=\"vc_row wpb_row vc_row-fluid vc_custom_1620663987523\"><div class=\"wpb_column vc_column_container vc_col-sm-12\"><div class=\"vc_column-inner\"><div class=\"wpb_wrapper\">\n\t<div class=\"wpb_text_column wpb_content_element  vc_custom_1620665744580\" >\n\t\t<div class=\"wpb_wrapper\">\n\t\t\t<p><img loading=\"lazy\" class=\"alignleft size-full wp-image-5182\" src=\"https:\/\/linkingpartners.org\/wp-content\/uploads\/2021\/05\/Au4.jpg\" alt=\"\" width=\"244\" height=\"300\" \/><\/p>\n<h1><\/h1>\n<h2>SLOBODAN GAJI\u0106 - DIREKTOR OPERACIJA U SRBIJI<\/h2>\n<p>Zdravo, ja sam Slobodan Gajic\u0301. Imam 27 godina i \u017eivim u Ba\u010dkom gradi\u0161tu, malom selu u Autonomnoj Pokrajini Vojvodina, u Srbiji. Odrastao sam u \u010detvoro\u010dlanoj porodici, zajedno sa dva brata (stariji i mla\u0111i) i majkom.<br \/>\nTrenutno radim u Misiji Linking Partners kao koordinator za Srbiju. Moja slu\u017eba podrazumeva kombinaciju umre\u017eavanja sa Romima u celoj Srbiji, preno\u0161enja znanja i obu\u010davanja u nekim osnovnim ve\u0161tinama (kao \u0161to su upravljanje vremenom, upravljanje finansijama, vo\u0111enje itd.) i povezivanje ljudi sa Re\u010dju Bo\u017eijom kroz mnoge projekte. Poma\u017eem romskim vo\u0111ama u podu\u010davanju novoro\u0111enih hri\u0161c\u0301ana o \u017eivotu u crkvi 21. veka koja treba da bude kao \u017eivot u crkvi iz 1. veka \u2013 da budu okupljeni oko Isusa i Njegove re\u010di i da stvaraju u\u010denike, i dele Jevan\u0111elje (za ovo se mnogo oslanjamo na materijal koji se zove Umno\u017eavanje, autora Frensisa \u010cena i Dejvida Plata).<\/p>\n<p>Svoju slu\u017ebu Bogu sam zapo\u010deo 2013. godine, u maloj romskoj zajednici u Kucuri, koja je udaljena nekoliko kilometara od grada u kome sam odrastao. Prvo sam pomagao u nedeljnoj \u0161koli, kasnije sam pomagao grupama stranaca koje su dolazile u na\u0161u crkvu prevode\u0107i ih sa engleskog na srpski i obrnuto. U me\u0111uvremenu sam se povezao sa organizacijom Linking Partners i 2014. godine sam se obavezao da c\u0301u uz slu\u017ebu u crkvi slu\u017eiti i u ovoj misiji. Kako je Misija rasla, tako je zahtevala mnogo vi\u0161e vremena, te sam se u potpunosti posvetio slu\u017ebi Romima kroz Misiju.<\/p>\n<p>Moj rad u organizaciji Linking Partners ne mo\u017ee se opisati kao rad, to je vi\u0161e strasna posvec\u0301enost  pomoganju Romima da do\u0111u do drugih Roma u slu\u017ebi Gospodu i podr\u0161ka \u0161irenju Jevan\u0111elja u Srbiji koliko god je to mogu\u0107e. Sve \u0161to smo postigli, postigli smo timskim radom, udru\u017eenim snagama uz Bo\u017eiju volju i vo\u0111eni Duhom.<\/p>\n<p>Moja prekretnica u \u017eivotu, trenutak kada sam postao hri\u0161c\u0301anin, se desila 2012. godine, kada sam upoznao volontere iz Holandije koji su pomagali pastoru Sa\u0161i, (moj prvi pastir i prijatelj za \u017eivota). On me je jedne nedelje pozvao da idem sa njima u njegovu crkvu. Sve je po\u010delo te nedelje juna 2012. godine kada sam video da je Bog \u017eiv i da nas nije napustio, da nije samo umro na krstu i da vera nije samo crkva sa velikim tornjem i zvonom. Tog dana sam video da me je ceo \u017eivot usmeravao ka tom momentu, i volim da ka\u017eem da je Bog \u017eeleo da budem tu i da je On u\u010dinio da moj \u017eivot do\u0111e do tog trenutka, kako bih mogao da prihvatim Njegov poziv i otvorim svoje srce za Njegovu re\u010d i prihvatim Njegov put za moj \u017eivot.<\/p>\n\n\t\t<\/div>\n\t<\/div>\n\n\t<div class=\"wpb_text_column wpb_content_element  vc_custom_1620665729830\" >\n\t\t<div class=\"wpb_wrapper\">\n\t\t\t<p style=\"font-weight: 400;\"><img loading=\"lazy\" class=\"alignleft size-full wp-image-5183\" src=\"https:\/\/linkingpartners.org\/wp-content\/uploads\/2021\/05\/Au2.jpg\" alt=\"\" width=\"272\" height=\"300\" \/><\/p>\n<h2><\/h2>\n<h2>Jovica Popov<\/h2>\n<p style=\"font-weight: 400;\">Zdravo, ja sam Jovica Popov. Moja \u017eena Tatjana i ja imamo petoro dece od kojih je dvoje usvojeno. Sara, Stefan i Filip su na\u0161a biolo\u0161ka deca, a Svetlana i Svetislav su na\u0161a usvojena deca.<\/p>\n<p style=\"font-weight: 400;\">Slu\u017eim u Hristovoj evan\u0111eoskoj crkvi u Zrenjaninu i u ku\u0107nim grupama u Melencima, Tara\u0161u i Aradcu. Ponekad slu\u017eim i u drugim crkvama Hristovog evan\u0111eoskog saveza. Svoju slu\u017ebu sam zapo\u010deo jo\u0161 1989. godine.<\/p>\n<p style=\"font-weight: 400;\" class=\" translation-block\">Ukratko, moje svedo\u010danstvo je po\u010delo kada sam jo\u0161 1985. godine po\u010deo da razmi\u0161ljam o Bogu kao Stvaraocu svega \u0161to postoji i ubrzo nakon sam toga postao i svestan i prihvatio sam poruku spasenja. Kr\u0161ten sam 19. jula 1987. i nakon toga sam po\u010deo da slu\u017eim. Moj rad sa romskim zajednicama po\u010deo je 1996. godine, a od 1998. godine sam po\u010deo da osnivam ku\u0107ne grupe u razli\u010ditim mestima (kao \u0161to su Melenci, Tara\u0161, Aradac itd.) i 2003. godine postao sam pastor u crkvi u Zrenjaninu.<\/p>\n\n\t\t<\/div>\n\t<\/div>\n\n\t<div class=\"wpb_text_column wpb_content_element  vc_custom_1620670818131\" >\n\t\t<div class=\"wpb_wrapper\">\n\t\t\t<p style=\"font-weight: 400;\"><img loading=\"lazy\" class=\"alignleft size-full wp-image-5185\" src=\"https:\/\/linkingpartners.org\/wp-content\/uploads\/2021\/05\/Au3.jpg\" alt=\"\" width=\"259\" height=\"300\" \/><\/p>\n<h2>Jano\u0161 Husar<\/h2>\n<p style=\"font-weight: 400;\">Zdravo, ja sam Jano\u0161 Husar. Moja \u017eena Elizabeta i ja imamo c\u0301erku Leu. Po\u010deo sam da slu\u017eim 2008. godine, a zvani\u010dna godina mog po\u010detka je 2013.<\/p>\n<p style=\"font-weight: 400;\">Tokom leta 2000., dok sam bio u punoj snazi, na treningu sam zadobio ozbiljnu povredu zbog koje nisam mogao da se kre\u0107em i izbguio sam svu snagu \u0161to me je dovelo do dubke neverice. Prvo sam poku\u0161ao da se izle\u010dim: le\u017eao sam u krevetu, koristio razli\u010dita pomagala, ali ni\u0161ta mi nije pomoglo. U to vreme u Zrenjaninskoj bolinici bilo je nekoliko slu\u010dajeva neuspe\u0161nih operacija zbog \u010dega sam se bojao da odem u tu bolnicu. Bio sam u krevetu mesecima bez nade i nisam imao re\u0161enje za svoju situaciju.<\/p>\n<p style=\"font-weight: 400;\">Ali, jednog popodneva, moja majka je u\u0161la u moju sobu i rekla mi: \u201eBog mo\u017ee da te izle\u010di\u201c. Upitao sam: \"Kako?\" Rekla da c\u0301e mi doneti neku knjigu. I donela ju je. Po\u010deo sam da je \u010ditam i uvideo da knjiga govori o nekim stihovima iz Svetom Pismu, pa sam tra\u017eio da donese Bibliju. Rekao sam Bogu: \u201eU\u010dinic\u0301u sve \u0161to treba, samo da ponovo budem zdrav!\u201c U toj knjizi sam otkrio da treba da pripadam Gospodu i da moram da prihvatim Isusa kao svog Gospoda i spasitelja. Kad sam prona\u0161ao ta uputstva, odlu\u010dio sam da tako uradim. Pokajao sam se, gresi su mi opro\u0161teni i ponovo sam ro\u0111en i bio sam ispunjen Svetim Duhom. Uradio sam sve \u0161to se od mene tra\u017eilo, ali nije bilo izle\u010denja.<\/p>\n\n\t\t<\/div>\n\t<\/div>\n\n\t<div class=\"wpb_text_column wpb_content_element  vc_custom_1621883530076\" >\n\t\t<div class=\"wpb_wrapper\">\n\t\t\t<h2><img loading=\"lazy\" class=\"alignleft size-medium wp-image-5418\" src=\"https:\/\/linkingpartners.org\/wp-content\/uploads\/2021\/05\/Nebojsa-and-Biljana-Dolic-photo-242x300.jpg\" alt=\"\" width=\"242\" height=\"300\" srcset=\"https:\/\/linkingpartners.org\/wp-content\/uploads\/2021\/05\/Nebojsa-and-Biljana-Dolic-photo-242x300.jpg 242w, https:\/\/linkingpartners.org\/wp-content\/uploads\/2021\/05\/Nebojsa-and-Biljana-Dolic-photo-828x1024.jpg 828w, https:\/\/linkingpartners.org\/wp-content\/uploads\/2021\/05\/Nebojsa-and-Biljana-Dolic-photo-768x950.jpg 768w, https:\/\/linkingpartners.org\/wp-content\/uploads\/2021\/05\/Nebojsa-and-Biljana-Dolic-photo-1241x1536.jpg 1241w, https:\/\/linkingpartners.org\/wp-content\/uploads\/2021\/05\/Nebojsa-and-Biljana-Dolic-photo.jpg 1314w\" sizes=\"(max-width: 242px) 100vw, 242px\" \/><\/h2>\n<h2>Neboj\u0161a Doli\u0107<\/h2>\n<p style=\"font-weight: 400;\">Zdravo, ja sam Neboj\u0161a Dolic\u0301. Moja \u017eena Biljana i ja imamo dva sina Nikolu i Emilijana i c\u0301erku Saru. Slu\u017eim u Pan\u010devu i Beogradu. Po\u010deo sam da slu\u017eim kao pastor nakon \u0161to sam zavr\u0161io biblijsku \u0161kolu u Novom Sadu, 1995. godine. Prvo sam slu\u017eio u Ba\u010dkom gradi\u0161tu u Romsko-ma\u0111arskoj zajednici, a zatim sam slu\u017eio u Srbobranu i Kucuri, a potom sam do\u0161ao u Pan\u010devo gde trenutno slu\u017eim kao pastor, uz uporedu slu\u017ebu u Beogradu. Pastor sam u crkvi u Beogradu od 2013.<\/p>\n<p style=\"font-weight: 400;\">Ro\u0111en sam u pravoslavnoj porodici, koja iako je imala neku tradiciju, nije imala pravu veru u Hrista. Tokom srednje \u0161kole primio sam Novi zavet \u2013 koji su delili Gideoniti. Zbog toga sam po\u010deo da razmi\u0161ljam o spasenju i ve\u010dnom \u017eivotu i dobio sam ideju da se zamona\u0161im, da dobijem ve\u010dni \u017eivot. Dok sam bio u vojsci u Novom Sadu, po\u010detkom 1993. godine, pozvan sam da do\u0111em u Evan\u0111eosku crkvu. Tamo sam po\u010deo da mnogo bolje razumem poruku Biblije, o spasenju, i predao svoj \u017eivot Hristu. Posle toga sam oti\u0161ao u biblijsku \u0161kolu \u2013 \u017detva \u2013 u Novom Sadu. Nakon \u0161to sam zavr\u0161io biblijsku \u0161kolu, pozvan sam da slu\u017eim u crkvi. Bio sam omladinski pastor. Kasnije sam postavljen za pastora kuc\u0301nih grupa novosadske crkve. Moja porodica i ja smo se preselili u Pan\u010devo (predgra\u0111e Beograda) 2004. godine gde smo osnovali novu evan\u0111eosku crkvu.<\/p>\n\n\t\t<\/div>\n\t<\/div>\n\n\t<div class=\"wpb_text_column wpb_content_element  vc_custom_1621883742506\" >\n\t\t<div class=\"wpb_wrapper\">\n\t\t\t<h2><img loading=\"lazy\" class=\"alignleft wp-image-5419 size-medium\" src=\"https:\/\/linkingpartners.org\/wp-content\/uploads\/2021\/05\/Ivan-and-Danijela-Ibraimovic-photo-225x300.jpg\" alt=\"\" width=\"225\" height=\"300\" srcset=\"https:\/\/linkingpartners.org\/wp-content\/uploads\/2021\/05\/Ivan-and-Danijela-Ibraimovic-photo-225x300.jpg 225w, https:\/\/linkingpartners.org\/wp-content\/uploads\/2021\/05\/Ivan-and-Danijela-Ibraimovic-photo.jpg 720w\" sizes=\"(max-width: 225px) 100vw, 225px\" \/><\/h2>\n<h2>Ivan Ibraimovi\u0107<\/h2>\n<p>Zovem se Ivan Ibraimovic\u0301. Ro\u0111en sam 21. jula 1973. godine u Prokuplju gde sam i odrastao. Odrastao sam u jednoj siroma\u0161noj \u0161esto\u010dlanoj porodici, u malom stanu. I pored situacije u kojoj sam \u017eiveo, uspeo sam da zavr\u0161im osnovnu \u0161kolu, a kasnije i srednju \u0161kolu za konobara. 1991. godine sam se o\u017eenio Danijelom koja mi je najvec\u0301a podr\u0161ka u \u017eivotu. Imamo troje dece \u2013 dva sina Dragana i Nikolu i c\u0301erku Jelenu.<\/p>\n<p>\u017diveo sam \u017eivotom mnogih borbi i patnji. Otac mi je umro 2002. a majka 2010. Dok je moja majka bila \u017eiva posec\u0301ivali su je neki Jehovini svedoci gde sam i ja ponekad bio prisutan, a kasnije kada sam bio dovoljno star mogao sam da u\u010dim sa njima. Posle nekog vremena su mi ponudili i slu\u017ebu, da budem njihov nekr\u0161teni evangelizator. Nakon \u0161to je moj otac umro, prestali smo da imamo kontakt sa Jehovinim svedocima.<\/p>\n<p>U to vreme, moj mla\u0111i brat Alen je pose\u0107ivao evan\u0111eosku crkvu u Prokuplju i uvek nam je pri\u010dao o slu\u017ebama i kako su obo\u017eavali na\u0161eg Gospoda. Odlu\u010dio sam da odem u tu crkvu i da vidim kako obo\u017eavaju Gospoda i kako se mole, a nisam bio redovan u tome. Zbog porodi\u010dnih problema morali smo da se preselimo u selo Mali Suvodol, 8 kilometara od Pirota.<\/p>\n<p>Na seminaru koji se 2014. godine odr\u017eao na Kopaniku, sam upoznao D\u017eima, Luanu i Slobu i od tog trenutka moj \u017eivot se drasti\u010dno promenio. Hvalim Gospoda za priliku kada sam po\u010deo da slu\u017eim ljudima u Pirotu. Iako smo do ku\u0107nih grupa morali da pe\u0161a\u010dimo skoro 10 kilometara u jednom pravcu, moja porodica i ja smo bili verni i nastavili smo da slu\u017eimo na\u0161em Gospodu i njegovom narodu.<\/p>\n<p>Zbog nekih nepravilnosti i la\u017ei koje je moj nadre\u0111eni pastir izneo o mom radu, podneo sam ostavku na mestu vo\u0111e u crkvi. Posle toga smo bili u bolu, i bili smo slomljeni, vapec\u0301i Bogu da ljudima i svetu otkrije pravu istinu. Bili smo veoma iznena\u0111eni kako je jedan pastir mogao da uradi to \u0161to je uradio, ali posle na\u0161ih molitava Bog je otkrio pravu istinu i u me\u0111uvremenu smo osnovali novu ku\u0107nu grupu u Beloj Palanci \u2013 13 kilometara od Malog Suvodola.<\/p>\n<p>Zahvalan sam Bogu \u0161to nas u ovom periodu nikada nije napustio, iako smo pro\u0161li kroz mnoga stradanja, Bog nas je iskoristio za svoju slu\u017ebu u Beloj Palanci, gde neprekidno slu\u017eimo Njegovom narodu.<\/p>\n<p>Moje svedo\u010danstvo:<\/p>\n<p>Puni smo svedo\u010danstava o stvarima koje je Bog u\u010dinio za nas. Bog nas je izveo iz situacije kad smo morali da pe\u0161a\u010dimo skoro 100 kilometara nedeljno, jer nismo imali auto, pomogao nam je da pre\u017eivimo probleme sa kuc\u0301om u kojoj trenutno \u017eivimo jer na po\u010detku nismo imali dovoljno novca da platimo, On nas je izdr\u017eavao kada nismo imali posla i le\u010dio nas kada smo imali zdravstvenih problema. Zahvaljujuc\u0301i Njemu imamo auto da slu\u017eimo ljudima, posao na kojem mo\u017eemo da obezbedimo za svoje porodice, zdravstveni problemi su nestali a problemi sa kuc\u0301om nisu u potpunosti re\u0161eni, ali nisu ni veliki kao pre. Zahvalni smo Bogu na snazi, strpljenju, blagodati i ljubavi koju je ulio u na\u0161a srca i koja je izvela dobre ljude oko nas. On je promenio toliko stvari u na\u0161em \u017eivotu i blagoslovio nas je u na\u0161oj slu\u017ebi. U Beloj Palanci smo za samo dve nedelje krstili vi\u0161e od 15 ljudi, i dalje slu\u017eimo u ku\u0107nim grupama, propovedamo Gospoda i planiramo da radimo sa decom i omladinom kao produ\u017eetak programa na\u0161e ku\u0107ne grupe. Sve to \u010dinimo u moc\u0301i Gospoda na\u0161eg Isusa Hrista. Ponovo smo pokrenuli i neke ku\u0107ne grupe u Pirotu. I za sve ovo blagosiljamo na\u0161eg Uzvi\u0161enog Oca i Gospoda Isusa Hrista.<\/p>\n\n\t\t<\/div>\n\t<\/div>\n\n\t<div class=\"wpb_text_column wpb_content_element  vc_custom_1621883852651\" >\n\t\t<div class=\"wpb_wrapper\">\n\t\t\t<h2><img loading=\"lazy\" class=\"alignleft wp-image-5421 size-medium\" src=\"https:\/\/linkingpartners.org\/wp-content\/uploads\/2021\/05\/Jelena-Vukicevic-photo-300x300.jpg\" alt=\"\" width=\"300\" height=\"300\" srcset=\"https:\/\/linkingpartners.org\/wp-content\/uploads\/2021\/05\/Jelena-Vukicevic-photo-300x300.jpg 300w, https:\/\/linkingpartners.org\/wp-content\/uploads\/2021\/05\/Jelena-Vukicevic-photo-1024x1024.jpg 1024w, https:\/\/linkingpartners.org\/wp-content\/uploads\/2021\/05\/Jelena-Vukicevic-photo-150x150.jpg 150w, https:\/\/linkingpartners.org\/wp-content\/uploads\/2021\/05\/Jelena-Vukicevic-photo-768x768.jpg 768w, https:\/\/linkingpartners.org\/wp-content\/uploads\/2021\/05\/Jelena-Vukicevic-photo-1536x1536.jpg 1536w, https:\/\/linkingpartners.org\/wp-content\/uploads\/2021\/05\/Jelena-Vukicevic-photo-2048x2048.jpg 2048w, https:\/\/linkingpartners.org\/wp-content\/uploads\/2021\/05\/Jelena-Vukicevic-photo-1320x1320.jpg 1320w\" sizes=\"(max-width: 300px) 100vw, 300px\" \/><\/h2>\n<h2>JELENA VUKI\u010cEVI\u0106<\/h2>\n<p>Jelena Vuki\u010devic\u0301 radi sa organizacijom Linking Partners Ministries od januara 2014. godine kao prevodilac i tuma\u010d sa engleskog jezika na srpski.<\/p>\n<p>Jelena je honorarni prevodilac i tuma\u010d od 2001. Njeno iskustvo obuhvata oblasti hri\u0161c\u0301anstva, religije, za\u0161tite \u017eivotne sredine i antropologije. Pored prevoda vec\u0301eg broja objavljenih knjiga, autor je i koautor vi\u0161e objavljenih akademskih radova iz oblasti obrazovanja.<\/p>\n<p><\/p>\n<p>Jelena je aktivna u oblasti civilnih, neprofitnih organizacija i u oblasti neformalnog u\u010denja jo\u0161 od 2003. godine i ima razvijeno iskustvo i ve\u0161tine u osmi\u0161ljavanju, razvoju i izvo\u0111enju treninga i savetovanja. Jelena je ekspert za organizaciju i upravljanje projektima, sposobna je za vo\u0111enje, odli\u010dna kao timski radnik, komunikativna je i u\u010destvuje u re\u0161avanjima konflikata. Ona je jedan od osniva\u010da dve, gotovo najuspe\u0161nije, nevladine organizacije u Srbiji.<\/p>\n\n\t\t<\/div>\n\t<\/div>\n<\/div><\/div><\/div><\/div>\n<\/section>","protected":false},"excerpt":{"rendered":"<p>Slobodan Gaji\u0107 &#8211; Director of Operations, Serbia Hello, I am Slobodan Gaji\u0107. I am 23, and live in Novi Sad, which is capital of autonomous province of Vojvodina, Republic of Serbia. I grew up in family of 4, together with my two brothers (older and younger) and mother. Currently I serve in Linking Partners Ministry&hellip;<\/p>","protected":false},"author":1,"featured_media":4649,"parent":25,"menu_order":0,"comment_status":"closed","ping_status":"closed","template":"","meta":{"spay_email":""},"_links":{"self":[{"href":"https:\/\/linkingpartners.org\/sr\/wp-json\/wp\/v2\/pages\/240"}],"collection":[{"href":"https:\/\/linkingpartners.org\/sr\/wp-json\/wp\/v2\/pages"}],"about":[{"href":"https:\/\/linkingpartners.org\/sr\/wp-json\/wp\/v2\/types\/page"}],"author":[{"embeddable":true,"href":"https:\/\/linkingpartners.org\/sr\/wp-json\/wp\/v2\/users\/1"}],"replies":[{"embeddable":true,"href":"https:\/\/linkingpartners.org\/sr\/wp-json\/wp\/v2\/comments?post=240"}],"version-history":[{"count":8,"href":"https:\/\/linkingpartners.org\/sr\/wp-json\/wp\/v2\/pages\/240\/revisions"}],"predecessor-version":[{"id":5181,"href":"https:\/\/linkingpartners.org\/sr\/wp-json\/wp\/v2\/pages\/240\/revisions\/5181"}],"up":[{"embeddable":true,"href":"https:\/\/linkingpartners.org\/sr\/wp-json\/wp\/v2\/pages\/25"}],"wp:featuredmedia":[{"embeddable":true,"href":"https:\/\/linkingpartners.org\/sr\/wp-json\/wp\/v2\/media\/4649"}],"wp:attachment":[{"href":"https:\/\/linkingpartners.org\/sr\/wp-json\/wp\/v2\/media?parent=240"}],"curies":[{"name":"wp","href":"https:\/\/api.w.org\/{rel}","templated":true}]}}