{"id":243,"date":"2018-08-22T16:39:02","date_gmt":"2018-08-22T16:39:02","guid":{"rendered":"http:\/\/linkingpartners.org\/?page_id=243"},"modified":"2021-05-10T18:44:33","modified_gmt":"2021-05-10T18:44:33","slug":"usa-coordinators","status":"publish","type":"page","link":"https:\/\/linkingpartners.org\/sr\/about\/usa-coordinators\/","title":{"rendered":"AMERI\u010cKI KOORDINATORI"},"content":{"rendered":"<section class=\"wpb-content-wrapper\"><div class=\"vc_row wpb_row vc_row-fluid\"><div class=\"wpb_column vc_column_container vc_col-sm-12\"><div class=\"vc_column-inner vc_custom_1620672249997\"><div class=\"wpb_wrapper\">\n\t<div class=\"wpb_text_column wpb_content_element\" >\n\t\t<div class=\"wpb_wrapper\">\n\t\t\t<h1 class=\"projects-heading\" style=\"text-align: center;\"><img loading=\"lazy\" class=\"alignleft size-medium wp-image-338\" src=\" https:\/\/linkingpartners.org\/wp-content\/uploads\/2018\/08\/IMG_0776-199x300.jpg\" alt=\"\" width=\"199\" height=\"300\" srcset=\"https:\/\/linkingpartners.org\/wp-content\/uploads\/2018\/08\/IMG_0776-199x300.jpg 199w, https:\/\/linkingpartners.org\/wp-content\/uploads\/2018\/08\/IMG_0776-600x903.jpg 600w, https:\/\/linkingpartners.org\/wp-content\/uploads\/2018\/08\/IMG_0776-768x1156.jpg 768w, https:\/\/linkingpartners.org\/wp-content\/uploads\/2018\/08\/IMG_0776-681x1024.jpg 681w, https:\/\/linkingpartners.org\/wp-content\/uploads\/2018\/08\/IMG_0776.jpg 1361w\" sizes=\"(max-width: 199px) 100vw, 199px\" \/><\/h1>\n<h2>Coty &amp; Meghan Skinner<\/h2>\n<p>Kodi (Coty) i Megan (Meghan) imaju neverovatno srce za misiju. Slu\u017ee kao ameri\u010dki koordinatori za Linking Partners i daju sve od sebe da na\u0161 ameri\u010dki tim efektivno slu\u017ei Romskoj zajednici u Srbiji.<\/p>\n\n\t\t<\/div>\n\t<\/div>\n<\/div><\/div><\/div><\/div>\n<\/section>","protected":false},"excerpt":{"rendered":"<p>Coty &amp; Meghan Skinner Coty and Meghan have incredible hearts for ministry. They serve as Linking Partners US coordinators ensuring that our American team can effectively minister to the Roma community.<\/p>","protected":false},"author":1,"featured_media":386,"parent":25,"menu_order":0,"comment_status":"closed","ping_status":"closed","template":"","meta":{"spay_email":""},"_links":{"self":[{"href":"https:\/\/linkingpartners.org\/sr\/wp-json\/wp\/v2\/pages\/243"}],"collection":[{"href":"https:\/\/linkingpartners.org\/sr\/wp-json\/wp\/v2\/pages"}],"about":[{"href":"https:\/\/linkingpartners.org\/sr\/wp-json\/wp\/v2\/types\/page"}],"author":[{"embeddable":true,"href":"https:\/\/linkingpartners.org\/sr\/wp-json\/wp\/v2\/users\/1"}],"replies":[{"embeddable":true,"href":"https:\/\/linkingpartners.org\/sr\/wp-json\/wp\/v2\/comments?post=243"}],"version-history":[{"count":3,"href":"https:\/\/linkingpartners.org\/sr\/wp-json\/wp\/v2\/pages\/243\/revisions"}],"predecessor-version":[{"id":5192,"href":"https:\/\/linkingpartners.org\/sr\/wp-json\/wp\/v2\/pages\/243\/revisions\/5192"}],"up":[{"embeddable":true,"href":"https:\/\/linkingpartners.org\/sr\/wp-json\/wp\/v2\/pages\/25"}],"wp:featuredmedia":[{"embeddable":true,"href":"https:\/\/linkingpartners.org\/sr\/wp-json\/wp\/v2\/media\/386"}],"wp:attachment":[{"href":"https:\/\/linkingpartners.org\/sr\/wp-json\/wp\/v2\/media?parent=243"}],"curies":[{"name":"wp","href":"https:\/\/api.w.org\/{rel}","templated":true}]}}