{"id":245,"date":"2018-08-22T16:39:56","date_gmt":"2018-08-22T16:39:56","guid":{"rendered":"http:\/\/linkingpartners.org\/?page_id=245"},"modified":"2021-05-12T15:18:43","modified_gmt":"2021-05-12T20:18:43","slug":"early-management-and-support","status":"publish","type":"page","link":"https:\/\/linkingpartners.org\/sr\/about\/early-management-and-support\/","title":{"rendered":"PRVOBITNI MENAD\u017dMENT I PODR\u0160KA"},"content":{"rendered":"<section class=\"wpb-content-wrapper\"><div class=\"vc_row wpb_row vc_row-fluid\"><div class=\"wpb_column vc_column_container vc_col-sm-12\"><div class=\"vc_column-inner vc_custom_1620672562070\"><div class=\"wpb_wrapper\">\n\t<div class=\"wpb_text_column wpb_content_element\" >\n\t\t<div class=\"wpb_wrapper\">\n\t\t\t<p><img loading=\"lazy\" class=\"alignleft size-full wp-image-5194\" src=\"https:\/\/linkingpartners.org\/wp-content\/uploads\/2021\/05\/Au12.jpg\" alt=\"\" width=\"225\" height=\"300\" \/><\/p>\n<p>&nbsp;<\/p>\n<h2>Ed &amp; Lajuana Oswalt<\/h2>\n<p>\u0106erka osniva\u010da Linking Partnersa (D\u017eejmsa Grina), LaJuana i njen suprug Ed, kao i svako od njihovih troje dece su aktivni u misiji Linking Partners u Srbiji. LaJuana je u neprofitnu oblast unela svoje iskustvo u upravljanju, a pored toga i svoje iskustvo u podu\u010davanje o u\u010deni\u0161tvu kroz upotrebu knjige Umno\u017eavanje, autora Frensisa \u010cena (Francis Chan) i Marka Beuvinga (Mark Beuving), \u010diji je uvod napisao Dejvid Plat (David Platt). Edovo 30-godi\u0161nje iskustvo kao medicinskog radnika na intezivnoj nezi i kao menad\u017eera za hitne odgovore nam daje uvid u neke od skrivenih zdravstvenih problema koji se javljaju u Romskoj zajednici. Oboje su aktivni u podr\u0161ci rada Misije Linking Partners. Me\u0111utim, po modelu kojem podu\u010davamo sve sa kojima radimo, oni svakodnevne zadatke delegiraju svojoj \u0107erki i zetu, Megan i Kodiju Skiner.<\/p>\n<p>&nbsp;<\/p>\n<p>&nbsp;<\/p>\n<p>&nbsp;<\/p>\n<p>&nbsp;<\/p>\n<p><img loading=\"lazy\" class=\"alignleft size-full wp-image-5218\" src=\"https:\/\/linkingpartners.org\/wp-content\/uploads\/2021\/05\/Au10.png\" alt=\"\" width=\"225\" height=\"300\" \/><img loading=\"lazy\" class=\"alignleft size-full wp-image-5219\" src=\"https:\/\/linkingpartners.org\/wp-content\/uploads\/2021\/05\/Au11.jpg\" alt=\"\" width=\"225\" height=\"300\" \/><\/p>\n<h2>Don (Don) i D\u017eoni Vis (Jonie Weese), D\u017eeri (Jerry) i Rut Hil (Ruth Hill)<\/h2>\n<p>Na\u0161a prvobitna podr\u0161ka podrazumeva i Don Visa i njegovu suprugu D\u017eoani i D\u017eerija i Rut Hil. Obojica mu\u0161karaca su dolazili u Srbiju kako bi procenili potrebe i kako bi obezbedili potrebna ohrabrenja. Don je zna\u010dajno podr\u017eavao slu\u017ebu u samom po\u010detku, \u0161to je dovelo mnoge nove ljude do toga da slede Isusa Hrista. D\u017eeri je Biblijski u\u010denjak. Njegova u\u010denja, su u po\u010detku slu\u017ebe, pomogli da se oblikuje i razjasni delo Linking Partners-a. On je napravio kra\u0107u verziju (sa svim bitnim stavkama) knjige koju koristimo kao osnovu za na\u0161 trening vo\u0111a - Umno\u017eavanje. Ova knjiga je potom prevedan na srpski jezik i postala je nezamenjivo bogatstvo na\u0161e misije. Obe porodice imaju va\u017enu ulogu u razvoju Linking Partnersa.<\/p>\n\n\t\t<\/div>\n\t<\/div>\n<\/div><\/div><\/div><\/div>\n<\/section>","protected":false},"excerpt":{"rendered":"<p>&nbsp; Ed &amp; Lajuana Oswalt The daughter of Linking Partners\u2019 founder, James Greene, LaJuana and her husband Ed, as well as each of their three children have been active in the Linking Partners ministry in Serbia. LaJuana brings management experience in the non-profit field, as well as experience teaching discipleship through the use of the&hellip;<\/p>","protected":false},"author":1,"featured_media":383,"parent":25,"menu_order":0,"comment_status":"closed","ping_status":"closed","template":"","meta":{"spay_email":""},"_links":{"self":[{"href":"https:\/\/linkingpartners.org\/sr\/wp-json\/wp\/v2\/pages\/245"}],"collection":[{"href":"https:\/\/linkingpartners.org\/sr\/wp-json\/wp\/v2\/pages"}],"about":[{"href":"https:\/\/linkingpartners.org\/sr\/wp-json\/wp\/v2\/types\/page"}],"author":[{"embeddable":true,"href":"https:\/\/linkingpartners.org\/sr\/wp-json\/wp\/v2\/users\/1"}],"replies":[{"embeddable":true,"href":"https:\/\/linkingpartners.org\/sr\/wp-json\/wp\/v2\/comments?post=245"}],"version-history":[{"count":3,"href":"https:\/\/linkingpartners.org\/sr\/wp-json\/wp\/v2\/pages\/245\/revisions"}],"predecessor-version":[{"id":5220,"href":"https:\/\/linkingpartners.org\/sr\/wp-json\/wp\/v2\/pages\/245\/revisions\/5220"}],"up":[{"embeddable":true,"href":"https:\/\/linkingpartners.org\/sr\/wp-json\/wp\/v2\/pages\/25"}],"wp:featuredmedia":[{"embeddable":true,"href":"https:\/\/linkingpartners.org\/sr\/wp-json\/wp\/v2\/media\/383"}],"wp:attachment":[{"href":"https:\/\/linkingpartners.org\/sr\/wp-json\/wp\/v2\/media?parent=245"}],"curies":[{"name":"wp","href":"https:\/\/api.w.org\/{rel}","templated":true}]}}