{"id":4984,"date":"2021-04-07T05:12:14","date_gmt":"2021-04-07T05:12:14","guid":{"rendered":"https:\/\/linkingpartners.org\/?page_id=4984"},"modified":"2021-09-22T08:16:56","modified_gmt":"2021-09-22T13:16:56","slug":"founder","status":"publish","type":"page","link":"https:\/\/linkingpartners.org\/sr\/about\/founder\/","title":{"rendered":"OSNIVA\u010cI"},"content":{"rendered":"<section class=\"wpb-content-wrapper\"><div class=\"vc_row wpb_row vc_row-fluid\"><div class=\"wpb_column vc_column_container vc_col-sm-12\"><div class=\"vc_column-inner\"><div class=\"wpb_wrapper\">\n\t<div class=\"wpb_text_column wpb_content_element\" >\n\t\t<div class=\"wpb_wrapper\">\n\t\t\t<h1 class=\"projects-heading\">D\u017eejms (James) i D\u017ein (Jean) Greene (Grin)<\/h1>\n<p><img loading=\"lazy\" class=\"alignleft size-medium wp-image-398\" src=\" https:\/\/linkingpartners.org\/wp-content\/uploads\/2018\/08\/Greene-photo-300x203.jpg\" alt=\"\" width=\"300\" height=\"203\" srcset=\"https:\/\/linkingpartners.org\/wp-content\/uploads\/2018\/08\/Greene-photo-300x203.jpg 300w, https:\/\/linkingpartners.org\/wp-content\/uploads\/2018\/08\/Greene-photo-600x405.jpg 600w, https:\/\/linkingpartners.org\/wp-content\/uploads\/2018\/08\/Greene-photo.jpg 640w\" sizes=\"(max-width: 300px) 100vw, 300px\" \/>Jedna od stvari koju \u0107ete primetiti u radu sa D\u017eejms Grinom je da on ni\u0161ta ne radi sa pola srca. Bez obzira a to u \u0161ta se upu\u0161ta, D\u017eim \u0107e uvek biti ispred svih, da bi ih vodio. Mo\u017eda ovu stvar niste ni primetiti, ali je od su\u0161tinske va\u017enosti za sve \u0161to D\u017eim radi: sve \u010demu se D\u017eim posve\u0107ivao, tome se svesrdno posve\u0107ivala i njegova supruga D\u017ein. Mo\u017eda nije putovala sa njim. Ali, kao \u0161to je pisac D\u017eon Milton rekao: \"Slu\u017ee i oni koji samo stoje i \u010dekaju.\" I dok tako \u010dekaju, trude se da svi drugi detalji \u017eivota teku bez prestanka, mole se neprestano, slu\u017ee kao najpouzdaniji \u010dlanovi i, u slu\u010daju Linkign Partners-a, ose\u0107aju duboku ljubav \u010dak i za one koje nikada nisu upoznali.<\/p>\n<p>Ishode ovog partnerstva mo\u017eete videti na primeru agencije D\u017eejms Grin i Saradnici (James Greene &amp; Associates), koju je D\u017eim osnovao 1960. godine, kao i u njegovom misijskom radu. Tokom svog \u017eivota, D\u017eim je osnovao dve crkve, slu\u017eio je kao univerzitetski poverenik, delio je Biblije \u0161irom sveta i razvio slu\u017ebu Romima u Srbiji. Sve ovo je radio dok je uporedo slu\u017eio svojoj crkvi, odgajao porodicu i upravljao uspe\u0161nim i rastu\u0107im biznisom.<\/p>\n<p>D\u017eim je ro\u0111en u Montgomeriju, dr\u017eavi Alabama, gde je njegova porodica sve \u0161to su imali stekla te\u0161kim i napornim radom. Ve\u0107 u 6. godini svog \u017eivota, D\u017eim je ve\u0107 radio, zara\u0111uju\u0107i 25 centi tako \u0161to je vukao cigle u maloj crvenoj prikolici na jednom gradili\u0161tu blizu ku\u0107e u kojoj je \u017eiveo.<\/p>\n<p>Kad je D\u017eim bio u srednjoj \u0161koli, njegova porodica se preselila iz Alabame u Severni Litle Rok (North Little Rock) u Arkanzasu. Nakon mature, pridru\u017eio se Nacionalnoj gardi, u oblasti Vazduhoplovstva, i tamo slu\u017eio \u010detiri godine. Tokom tog vremena, o\u017eenio se \u017eenom svog \u017eivota, D\u017ein. Tokom njihovog braka, Bog je blagoslovio ovaj par sa \u010detvoro dece: \u0107erkom LaJuanom, sinom Metjuom, i \u0107erkama Renatom i Dijanom.<\/p>\n<p>D\u017eimu je ovih \u010detiri gladnih usta predstavljalo veliku motivaciju. Stoga je radio koliko god je mogao da bi bio uspe\u0161an u prodaji osiguranja. Me\u0111utim, u jednom trenutku mu je do\u0161lo da se preispita da li treba da odustane od toga i postane puno-vremeni misioonar. D\u017eimova razmi\u0161ljanja je razbistrio predsednik univerziteta koji je slu\u017eio zajedno sa D\u017eimom i koji ga je savetovao da su \"Bogu potrebni hri\u0161\u0107anski biznismeni isto koliko su mu potrebni hri\u0161\u0107anski misionari.\"<\/p>\n<p>Taj razgovor je D\u017eimu pomogao da shvati da Bogu nije bio potreban samo profit koji je ostvarivao u svom poslu, ve\u0107 i njegov dar za upravljanje.<\/p>\n<p>\"On ose\u0107a kao da mu je Bog dao ono \u0161to on ima. Ne samo novac, ve\u0107 i ve\u0161tinu organizovanja.\" Njegov sin, Matej, ka\u017ee : \"Mnogi ljudi imaju dobro srce, ali nema mnogo ljudi ve\u0161tinu organizovanja. On je onaj koji dovodi do toga da se ideje zaista ostvare.\"<\/p>\n<p>I on je i ostvario razne ideje.<\/p>\n<p>Nakon \u0161to je pomogao da se osnuje Baptisti\u010dka crkva na Indijan Hils-u, kao podru\u017enica crkve iz Severnog Litl Roka, D\u017eim je osetio poziv da zasnuje Biblijsku crkvu u toj oblasti. Rezultat tog poziva je Biblijska Crkva Milosti (Grace Bible Church). On i D\u017eeri Hil su tu slu\u017eili kao stare\u0161ine. Njihova posve\u0107enost razvoju slu\u017ebe je postavila osnovu za prijateljstvo koje je nad\u017eivelo samu crkvu. D\u017eeri opisuje D\u017eima kao veoma pobo\u017enog hri\u0161\u0107anina. \"On je usmeren ka cilju. Cilj ga vodi. On \u010dini da se stvari dese\", ka\u017ee D\u017eeri. \"Ako ne\u0161to \u017eelite da se desi, onda dajte to D\u017eim Grinu i on \u0107e u\u010diniti da se to desi.\"<\/p>\n<p>D\u017eim je i godinama slu\u017eio sa Gideonitima, na lokalnom, dr\u017eavnom i me\u0111unarodnom nivou. U jednom trenutku, nadgledao je pet ameri\u010dkih dr\u017eava, ohrabruju\u0107u \u010dlanove da dele svoju veru i \u0161ire Bo\u017eiju Re\u010d \u0161irom sveta.<\/p>\n<p>Saradnik iz Gideonita je naveo da je D\u017eim odgovoran za njegovo uklju\u010denje u organizaciju. \"Obzirom da je D\u017eim vo\u0111a kakav jeste, on je hteo da uklju\u010di ljude u rad organizacije. Ja sam bio jedan od tih koje je uveo u organizaciju.\"<\/p>\n<p>Zbog toga sam posetio grad Njujork. Zbog nejga sam bio u Koreji i Irskoj i pre\u0161ao sam celu dr\u017eavu Arkanzas i celu dr\u017eavu Luizijana. Uticao je na mene na mnoge na\u010dine.<\/p>\n<p>U poslednjih nekoliko godina, D\u017eim je usmerio svoju pa\u017enju na Srbiju. On radi sa crkvenim vo\u0111ama u Srbiji poma\u017eu\u0107i im da podi\u017eu pobo\u017ene mu\u0161karce i \u017eene koji \u0107e dosti\u0107i izgubljene u Srbiji, a posebno me\u0111u romskim narodom koji tamo \u017eivi. On u poslednje vreme prebacuje slu\u017ebu \u010dlanovima svoje porodice kako bi i oni nastavili njegovo delo.<\/p>\n<p>\"D\u017eim je zaista imao viziju i srce za Srbiju\" rekao je njegov prijatelj D\u017eeri Hil, koji je slu\u017eio zajedno sa D\u017eimom na mnogobrojnim misijskim putovanjima. \"On je zasita verovao da je mogao da zapo\u010dne pokret koji \u0107e menjati Srbiju.\"<\/p>\n<p>Hju Vajt (Hugh White), koji deli D\u017eimovu strast za Srbijom, je rekao da je te\u0161ko proceniti ko je bio vi\u0161e blagosloven kada je D\u017eim po\u010deo da slu\u017ei u Srbiji - D\u017eim ili ljudi kojima je slu\u017eio. \"Njegova energija i Strast su bili primer i blagoslov mnogima, obzirom da se D\u017eim upustio u celo\u017eivotni poziv za misijskom slu\u017ebom\", rekao je Hju.<\/p>\n<p>Tokom svog \u017eivota, D\u017eim je pokazao koliko je va\u017eno biti deo ne\u010dega \u0161to je ve\u0107e od njega samog. Takav primer treba slediti. Nedavno je primio presti\u017enu nagradu od kompanije za Osiguranje Uzajamno Bratstvo (Brotherhood Mutual Insurance). Taj primer koji svi treba da sledimo ga je na\u010dinio lakim izborom za nagradu \"Graditelj Carstva\" (The Kingdom Builder Award) jer je \u017eiveo \u017eivot slu\u017ebe i zato \u0161to je druge smatrao va\u017enijima od sebe.<\/p>\n\n\t\t<\/div>\n\t<\/div>\n<\/div><\/div><\/div><\/div>\n<\/section>","protected":false},"excerpt":{"rendered":"<p>James and Jean Greene One of the things you&#8217;ll notice about James Greene is that he doesn&#8217;t do anything halfheartedly. No matter what he gets involved in, Jim will be at the front, leading the way. Something you might not notice, but that is essential to any work Jim does:\u00a0 what Jim commits to, Jean&hellip;<\/p>","protected":false},"author":1,"featured_media":398,"parent":25,"menu_order":0,"comment_status":"closed","ping_status":"closed","template":"","meta":{"spay_email":""},"_links":{"self":[{"href":"https:\/\/linkingpartners.org\/sr\/wp-json\/wp\/v2\/pages\/4984"}],"collection":[{"href":"https:\/\/linkingpartners.org\/sr\/wp-json\/wp\/v2\/pages"}],"about":[{"href":"https:\/\/linkingpartners.org\/sr\/wp-json\/wp\/v2\/types\/page"}],"author":[{"embeddable":true,"href":"https:\/\/linkingpartners.org\/sr\/wp-json\/wp\/v2\/users\/1"}],"replies":[{"embeddable":true,"href":"https:\/\/linkingpartners.org\/sr\/wp-json\/wp\/v2\/comments?post=4984"}],"version-history":[{"count":3,"href":"https:\/\/linkingpartners.org\/sr\/wp-json\/wp\/v2\/pages\/4984\/revisions"}],"predecessor-version":[{"id":5713,"href":"https:\/\/linkingpartners.org\/sr\/wp-json\/wp\/v2\/pages\/4984\/revisions\/5713"}],"up":[{"embeddable":true,"href":"https:\/\/linkingpartners.org\/sr\/wp-json\/wp\/v2\/pages\/25"}],"wp:featuredmedia":[{"embeddable":true,"href":"https:\/\/linkingpartners.org\/sr\/wp-json\/wp\/v2\/media\/398"}],"wp:attachment":[{"href":"https:\/\/linkingpartners.org\/sr\/wp-json\/wp\/v2\/media?parent=4984"}],"curies":[{"name":"wp","href":"https:\/\/api.w.org\/{rel}","templated":true}]}}