{"id":5228,"date":"2021-05-14T13:09:59","date_gmt":"2021-05-14T18:09:59","guid":{"rendered":"https:\/\/linkingpartners.org\/?page_id=5228"},"modified":"2021-07-27T14:29:15","modified_gmt":"2021-07-27T19:29:15","slug":"recommended-resources","status":"publish","type":"page","link":"https:\/\/linkingpartners.org\/sr\/recommended-resources\/","title":{"rendered":"PREPORU\u010cENA LITERATURA"},"content":{"rendered":"<section class=\"wpb-content-wrapper\"><div class=\"vc_row wpb_row vc_row-fluid\"><div class=\"wpb_column vc_column_container vc_col-sm-12\"><div class=\"vc_column-inner\"><div class=\"wpb_wrapper\">\n\t<div class=\"wpb_text_column wpb_content_element\" >\n\t\t<div class=\"wpb_wrapper\">\n\t\t\t<h3>Komercijalni biblijski programi<\/h3>\n<table>\n<tbody>\n<tr>\n<td width=\"288\"><a href=\"https:\/\/www.e-sword.net\/\">https:\/\/www.e-sword.net\/<\/a><\/td>\n<td width=\"185\">E-Sword biblijski softver<\/td>\n<td width=\"194\">Besplatno --  Neki moduli se dopla\u0107uju<\/td>\n<\/tr>\n<tr>\n<td width=\"288\"><a href=\"https:\/\/www.theword.net\/\">https:\/\/www.theword.net\/<\/a><\/td>\n<td width=\"185\">theWord biblijski softver<\/td>\n<td width=\"194\">Besplatno --  Neki moduli se dopla\u0107uju<\/td>\n<\/tr>\n<tr>\n<td width=\"288\"><a href=\"https:\/\/www.logos.com\/\">https:\/\/www.logos.com\/<\/a><\/td>\n<td width=\"185\">Logos biblijski softver<\/td>\n<td width=\"194\">Od 295 ameri\u010dkih dolara do 10.800 ameri\u010dkih dolara<\/td>\n<\/tr>\n<\/tbody>\n<\/table>\n\n\t\t<\/div>\n\t<\/div>\n<\/div><\/div><\/div><\/div><div class=\"vc_row wpb_row vc_row-fluid\"><div class=\"wpb_column vc_column_container vc_col-sm-12\"><div class=\"vc_column-inner\"><div class=\"wpb_wrapper\">\n\t<div class=\"wpb_text_column wpb_content_element\" >\n\t\t<div class=\"wpb_wrapper\">\n\t\t\t<h3>Veb-stranice - Glavne<\/h3>\n<table>\n<tbody>\n<tr>\n<td width=\"288\"><a href=\"https:\/\/www.blueletterbible.org\/\">https:\/\/www.blueletterbible.org\/<\/a><\/td>\n<td width=\"379\">Alati za prou\u010davanje Biblije zasnovani na istorijskoj konzervativnoj hri\u0161\u0107anskoj veri.<\/td>\n<\/tr>\n<tr>\n<td width=\"288\"><a href=\"https:\/\/www.preceptaustin.org\/\">https:\/\/www.preceptaustin.org\/<\/a><\/td>\n<td width=\"379\">Ogroman veb-sajt - Najbolje mesto na kom \u0107ete na\u0107i ogroman spisak povezanih resursa. Sve je besplatno.<\/td>\n<\/tr>\n<tr>\n<td width=\"288\"><a href=\"https:\/\/bible.org\/\">https:\/\/bible.org\/<\/a><\/td>\n<td width=\"379\">Ogroman veb-sajt sa vo\u0111stvom koje prevashodno \u010dine diplomci Teolo\u0161kog fakulteta iz Dalasa.<\/td>\n<\/tr>\n<tr>\n<td width=\"288\"><a href=\"http:\/\/www.spiritandtruth.org\/\">http:\/\/www.spiritandtruth.org\/<\/a><\/td>\n<td width=\"379\">Toni Garland (Tony Garland) i drugi. Nau\u010dno dubinski komentari.<\/td>\n<\/tr>\n<\/tbody>\n<\/table>\n\n\t\t<\/div>\n\t<\/div>\n<\/div><\/div><\/div><\/div><div class=\"vc_row wpb_row vc_row-fluid\"><div class=\"wpb_column vc_column_container vc_col-sm-12\"><div class=\"vc_column-inner\"><div class=\"wpb_wrapper\">\n\t<div class=\"wpb_text_column wpb_content_element\" >\n\t\t<div class=\"wpb_wrapper\">\n\t\t\t<h3>Veb-stranice - Komentari<\/h3>\n<table>\n<tbody>\n<tr>\n<td width=\"288\"><a href=\"https:\/\/enduringword.com\/\">https:\/\/enduringword.com\/<\/a><\/td>\n<td width=\"379\">David Guzik -- Audio snimci i tekstovi o ve\u0107ini knjiga iz Biblije.<\/td>\n<\/tr>\n<tr>\n<td width=\"288\"><a href=\"https:\/\/www.gty.org\/\">https:\/\/www.gty.org\/<\/a><\/td>\n<td width=\"379\">D\u017eon MekArtur (John MacArthur) -- (preko 4000 njegovih propovedi u tekstualnom obliku i u audio snimku, besplatno)<\/td>\n<\/tr>\n<tr>\n<td width=\"288\"><a href=\"http:\/\/raystedman.org\/\">http:\/\/raystedman.org\/<\/a><\/td>\n<td width=\"379\">Rej Stedman (Ray Stedman)<\/td>\n<\/tr>\n<tr>\n<td width=\"288\"><a href=\"http:\/\/www.freebiblecommentary.org\/\">http:\/\/www.freebiblecommentary.org\/<\/a><\/td>\n<td width=\"379\">Bob Atli (Bob Utley), profesor hermeneutike (Amilenijalista u Eshatologiji)<\/td>\n<\/tr>\n<tr>\n<td width=\"288\"><a href=\"https:\/\/planobiblechapel.org\/soniclight\/\">https:\/\/planobiblechapel.org\/soniclight\/<\/a><\/td>\n<td width=\"379\">Tomas Konstabl (Thomas Constable)<\/td>\n<\/tr>\n<tr>\n<td width=\"288\"><a href=\"https:\/\/www.easyenglish.bible\/\">https:\/\/www.easyenglish.bible\/<\/a><\/td>\n<td width=\"379\">Viklif (Wycliffe) - Biblija na lakom engleskom, od Postanja do Otkrivenja<\/td>\n<\/tr>\n<tr>\n<td width=\"288\"><a href=\"https:\/\/kenboa.org\/\">https:\/\/kenboa.org\/<\/a><\/td>\n<td width=\"379\">Ken Boa biblijske lekcije za srce i um.<\/td>\n<\/tr>\n<tr>\n<td width=\"288\"><a href=\"https:\/\/www.ttb.org\/\">https:\/\/www.ttb.org\/<\/a><\/td>\n<td width=\"379\">Radio kroz Bibliju sa dr D\u017e. Vernon MekGi (J. Vernon McGee)<\/td>\n<\/tr>\n<tr>\n<td width=\"288\"><a href=\"https:\/\/www.lwf.org\/\">https:\/\/www.lwf.org\/<\/a><\/td>\n<td width=\"379\">Slu\u017eba Ljubav koju je vredno na\u0107i sa Adrijanom Rod\u017eersom (Adrian Rogers)<\/td>\n<\/tr>\n<tr>\n<td width=\"288\"><a href=\"https:\/\/walvoord.com\/\">https:\/\/walvoord.com\/<\/a><\/td>\n<td width=\"379\">D\u017eon Valvurd (John Walvoord) - Teolog, edukator, autor<\/td>\n<\/tr>\n<\/tbody>\n<\/table>\n\n\t\t<\/div>\n\t<\/div>\n<\/div><\/div><\/div><\/div><div class=\"vc_row wpb_row vc_row-fluid\"><div class=\"wpb_column vc_column_container vc_col-sm-12\"><div class=\"vc_column-inner\"><div class=\"wpb_wrapper\">\n\t<div class=\"wpb_text_column wpb_content_element\" >\n\t\t<div class=\"wpb_wrapper\">\n\t\t\t<h3>Veb- stranice - Eshatologija (Poslednja vremena)<\/h3>\n<table>\n<tbody>\n<tr>\n<td width=\"288\"><a href=\"https:\/\/www.ariel.org\/\">https:\/\/www.ariel.org\/<\/a><\/td>\n<td width=\"378\">Arnold Fruhtenbaum (Arnold Fruchtenbaum)<\/td>\n<\/tr>\n<tr>\n<td width=\"288\"><a href=\"http:\/\/www.spiritandtruth.org\/\">http:\/\/www.spiritandtruth.org\/<\/a><\/td>\n<td width=\"378\">Toni Garland (Tony Garland)<\/td>\n<\/tr>\n<tr>\n<td width=\"288\"><a href=\"https:\/\/christinprophecy.org\/\">https:\/\/christinprophecy.org\/<\/a><\/td>\n<td width=\"378\">Dejvid Regan (David Reagan)<\/td>\n<\/tr>\n<tr>\n<td width=\"288\"><a href=\"http:\/\/www.soundchristian.com\/\">http:\/\/www.soundchristian.com\/<\/a><\/td>\n<td width=\"378\">Ko je ko u biblijskom proro\u0161tvu<\/td>\n<\/tr>\n<\/tbody>\n<\/table>\n\n\t\t<\/div>\n\t<\/div>\n<\/div><\/div><\/div><\/div><div class=\"vc_row wpb_row vc_row-fluid\"><div class=\"wpb_column vc_column_container vc_col-sm-12\"><div class=\"vc_column-inner\"><div class=\"wpb_wrapper\">\n\t<div class=\"wpb_text_column wpb_content_element\" >\n\t\t<div class=\"wpb_wrapper\">\n\t\t\t<h3>Veb-stranice - Grafi\u010dki prikazi<\/h3>\n<table>\n<tbody>\n<tr>\n<td width=\"288\"><a href=\"https:\/\/www.bibleplaces.com\/\">https:\/\/www.bibleplaces.com\/<\/a><\/td>\n<td width=\"378\">Tod Bolen (Todd Bolen) -- Slikovita biblioteka - Komentari o Svetoj zemlji<\/td>\n<\/tr>\n<tr>\n<td width=\"288\"><a href=\"https:\/\/www.bibleplaces.com\/blog\/\">https:\/\/www.bibleplaces.com\/blog\/<\/a><\/td>\n<td width=\"378\">Blog Toda Bolena<\/td>\n<\/tr>\n<tr>\n<td width=\"288\"><a href=\"https:\/\/ferrelljenkins.blog\/\">https:\/\/ferrelljenkins.blog\/<\/a><\/td>\n<td width=\"378\">Blog u putovanjima Ferela D\u017eenkinsa (Ferrel Jenkins)<\/td>\n<\/tr>\n<tr>\n<td width=\"288\"><a href=\"https:\/\/www.biblewalks.com\/\">https:\/\/www.biblewalks.com\/<\/a><\/td>\n<td width=\"378\">Zemlja Biblije<\/td>\n<\/tr>\n<tr>\n<td width=\"288\"><a href=\"https:\/\/holylandphotos.wordpress.com\/\">https:\/\/holylandphotos.wordpress.com\/<\/a><\/td>\n<td width=\"378\">Karl Rasmusen (Carl Rasmussen) (preko 4000 fotografija visoke rezolucije)<\/td>\n<\/tr>\n<tr>\n<td width=\"288\"><a href=\"https:\/\/waynestiles.com\/\">https:\/\/waynestiles.com\/<\/a><\/td>\n<td width=\"378\">Vejn Stils (Wayne Stiles)<\/td>\n<\/tr>\n<\/tbody>\n<\/table>\n\n\t\t<\/div>\n\t<\/div>\n<\/div><\/div><\/div><\/div><div class=\"vc_row wpb_row vc_row-fluid\"><div class=\"wpb_column vc_column_container vc_col-sm-12\"><div class=\"vc_column-inner\"><div class=\"wpb_wrapper\">\n\t<div class=\"wpb_text_column wpb_content_element\" >\n\t\t<div class=\"wpb_wrapper\">\n\t\t\t<h3>Veb-stranice - Audio zapisi<\/h3>\n<table>\n<tbody>\n<tr>\n<td width=\"288\"><a href=\"https:\/\/www.faithcomesbyhearing.com\/\">https:\/\/www.faithcomesbyhearing.com\/<\/a><\/td>\n<td width=\"378\">Biblijski zapisi na 1478 jezika, i taj broj se jo\u0161 pove\u0107ava<\/td>\n<\/tr>\n<tr>\n<td width=\"288\"><a href=\"https:\/\/globalrecordings.net\/en\/\">https:\/\/globalrecordings.net\/en\/<\/a><\/td>\n<td width=\"378\">Pri\u010da o Isusu na 6111 jezika<\/td>\n<\/tr>\n<tr>\n<td width=\"288\"><a href=\"https:\/\/firefighters.org\/\">https:\/\/firefighters.org\/<\/a><\/td>\n<td width=\"378\">Besplatni hri\u0161\u0107anski mediji<\/td>\n<\/tr>\n<\/tbody>\n<\/table>\n\n\t\t<\/div>\n\t<\/div>\n<\/div><\/div><\/div><\/div><div class=\"vc_row wpb_row vc_row-fluid\"><div class=\"wpb_column vc_column_container vc_col-sm-12\"><div class=\"vc_column-inner\"><div class=\"wpb_wrapper\">\n\t<div class=\"wpb_text_column wpb_content_element\" >\n\t\t<div class=\"wpb_wrapper\">\n\t\t\t<h3>Veb-stranice - Video zapisi<\/h3>\n<table>\n<tbody>\n<tr>\n<td width=\"288\"><a href=\"https:\/\/bibleproject.com\/\">https:\/\/bibleproject.com\/<\/a><\/td>\n<td width=\"379\">Pomaganje ljudima da do\u017eive Bibliju kao sjedinjenu pri\u010du koja vodi do Isusa.<\/td>\n<\/tr>\n<tr>\n<td width=\"288\"><a href=\"https:\/\/appianmedia.org\/\">https:\/\/appianmedia.org\/<\/a><\/td>\n<td width=\"379\">Neprofitna organizacija koja pru\u017ea sadr\u017eaj koji je biblijski ta\u010dan, vizuelno privla\u010dan i dostupan bez naplate.<\/td>\n<\/tr>\n<tr>\n<td width=\"288\"><a href=\"http:\/\/skipheitzig.com\/teachings.asp\">http:\/\/skipheitzig.com\/teachings.asp<\/a><\/td>\n<td width=\"379\">Biblija sa 9 kilometara - 2018 i druge serije<\/td>\n<\/tr>\n<\/tbody>\n<\/table>\n\n\t\t<\/div>\n\t<\/div>\n<\/div><\/div><\/div><\/div><div class=\"vc_row wpb_row vc_row-fluid\"><div class=\"wpb_column vc_column_container vc_col-sm-12\"><div class=\"vc_column-inner\"><div class=\"wpb_wrapper\">\n\t<div class=\"wpb_text_column wpb_content_element\" >\n\t\t<div class=\"wpb_wrapper\">\n\t\t\t<h3>Veb-stranice - Drugo<\/h3>\n<table>\n<tbody>\n<tr>\n<td width=\"288\"><a href=\"https:\/\/carm.org\/\">https:\/\/carm.org\/<\/a><\/td>\n<td width=\"379\">Hri\u0161\u0107anska apologetika i slu\u017eba istra\u017eivanja<\/td>\n<\/tr>\n<tr>\n<td width=\"288\"><a href=\"https:\/\/www.bible-history.com\/jesus\/\">https:\/\/www.bible-history.com\/jesus\/<\/a><\/td>\n<td width=\"379\">Biblijska istorija na internetu<\/td>\n<\/tr>\n<tr>\n<td width=\"288\"><a href=\"https:\/\/www.gotquestions.org\/\">https:\/\/www.gotquestions.org\/<\/a><\/td>\n<td width=\"379\">Odgovori na biblijska pitanja<\/td>\n<\/tr>\n<tr>\n<td width=\"288\"><a href=\"https:\/\/www.jewishvirtuallibrary.org\/\">https:\/\/www.jewishvirtuallibrary.org\/<\/a><\/td>\n<td width=\"379\">Anti-semitizam ka Cionizmu<\/td>\n<\/tr>\n<tr>\n<td width=\"288\"><a href=\"https:\/\/www.moodyradio.org\/programs\/the-land-and-the-book\/\">https:\/\/www.moodyradio.org\/programs\/the-land-and-the-book\/<\/a><\/td>\n<td width=\"379\">Odli\u010dan podkast koji vas redovno obave\u0161tava o stanju u Izraelu i na Bliskom istoku.<\/td>\n<\/tr>\n<\/tbody>\n<\/table>\n\n\t\t<\/div>\n\t<\/div>\n<\/div><\/div><\/div><\/div><div class=\"vc_row wpb_row vc_row-fluid\"><div class=\"wpb_column vc_column_container vc_col-sm-12\"><div class=\"vc_column-inner\"><div class=\"wpb_wrapper\"><div class=\"vc_separator wpb_content_element vc_separator_align_center vc_sep_width_100 vc_sep_border_width_2 vc_sep_pos_align_center vc_separator_no_text vc_sep_color_blue\" ><span class=\"vc_sep_holder vc_sep_holder_l\"><span class=\"vc_sep_line\"><\/span><\/span><span class=\"vc_sep_holder vc_sep_holder_r\"><span class=\"vc_sep_line\"><\/span><\/span>\n<\/div>\n\t<div class=\"wpb_text_column wpb_content_element\" >\n\t\t<div class=\"wpb_wrapper\">\n\t\t\t<h3><strong>eSword<\/strong><\/h3>\n<p>Razvijen 2000. godine i pu\u0161ten u javnost. Od tada je preuzet preko 30.000.000 puta. Ima preko 10.000.000 korisnika. Hiljade besplatnih modula se mogu na\u0107i na <a href=\"http:\/\/www.estudysource.com\">www.estudysource.com<\/a> i na drugim veb-stranicama ispod.<\/p>\n<p>&nbsp;<\/p>\n<table>\n<tbody>\n<tr>\n<td width=\"390\"><a href=\"http:\/\/www.e-sword.net\">www.e-sword.net<\/a><\/td>\n<td width=\"285\">Trenutna verzija: 13.0.0<\/td>\n<\/tr>\n<tr>\n<td width=\"390\"><a href=\"https:\/\/estudysource.com\">https:\/\/estudysource.com<\/a><\/td>\n<td width=\"285\">e-Sword resursi<\/td>\n<\/tr>\n<tr>\n<td width=\"390\"><a href=\"https:\/\/www.doctordavet.com\/\">https:\/\/www.doctordavet.com\/<\/a><\/td>\n<td width=\"285\">e-Sword resursi<\/td>\n<\/tr>\n<tr>\n<td width=\"390\"><a href=\"http:\/\/www.biblesupport.com\/\">http:\/\/www.biblesupport.com\/<\/a><\/td>\n<td width=\"285\">e-Sword sajt za podr\u0161ku.<\/td>\n<\/tr>\n<\/tbody>\n<\/table>\n\n\t\t<\/div>\n\t<\/div>\n<\/div><\/div><\/div><\/div><div class=\"vc_row wpb_row vc_row-fluid\"><div class=\"wpb_column vc_column_container vc_col-sm-12\"><div class=\"vc_column-inner\"><div class=\"wpb_wrapper\">\n\t<div class=\"wpb_text_column wpb_content_element\" >\n\t\t<div class=\"wpb_wrapper\">\n\t\t\t<h3>&#8216;Cost&#8217; eSword resources available from <a href=\"http:\/\/www.estudysource.com\">www.estudysource.com<\/a><\/h3>\n<h4><span style=\"color: #000000;\"><strong>Commentaries $$$<\/strong><\/span><\/h4>\n<table>\n<tbody>\n<tr>\n<td width=\"66\">$19.99<\/td>\n<td width=\"600\">Wuest Word Studies in the Greek New Testament<\/td>\n<\/tr>\n<tr>\n<td width=\"66\">$19.99<\/td>\n<td width=\"600\">Life Application New Testament Commentary<\/td>\n<\/tr>\n<tr>\n<td width=\"66\">$19.99<\/td>\n<td width=\"600\">Nelson\u2019s New Illustrated Bible Commentary<\/td>\n<\/tr>\n<tr>\n<td width=\"66\">$29.99<\/td>\n<td width=\"600\">The MacArthur Bible Commentary \u2013 John MacArthur<\/td>\n<\/tr>\n<tr>\n<td width=\"66\">$19.99<\/td>\n<td width=\"600\">Believer\u2019s Bible Commentary \u2013 William MacDonald<\/td>\n<\/tr>\n<tr>\n<td width=\"66\">$14.99<\/td>\n<td width=\"600\">Life Application Study Bible Notes<\/td>\n<\/tr>\n<tr>\n<td width=\"66\">$34.99<\/td>\n<td width=\"600\">IVP Bible Background Commentary OT &amp; JNT<\/td>\n<\/tr>\n<tr>\n<td width=\"66\">$39.99<\/td>\n<td width=\"600\">Thru the Bible, 5 Volumes \u2013 Dr. J. Vernon McGee<\/td>\n<\/tr>\n<tr>\n<td width=\"66\">$24.99<\/td>\n<td width=\"600\">Wiersbe Bible Commentary \u2013 Warren W. Wiersbe<\/td>\n<\/tr>\n<tr>\n<td width=\"66\">$34.99<\/td>\n<td width=\"600\">Bible Knowledge Commentary OT &amp; NT \u2013 Zuck &amp; Walvoord<\/td>\n<\/tr>\n<tr>\n<td width=\"66\">$129.99<\/td>\n<td width=\"600\">Ancient Christian Commentary \u2013 Tom C. Oden<\/td>\n<\/tr>\n<tr>\n<td width=\"66\">$19.99<\/td>\n<td width=\"600\">Courson\u2019s Application Commentary \u2013 Jon Courson<\/td>\n<\/tr>\n<tr>\n<td width=\"66\">$19.99<\/td>\n<td width=\"600\">Jewish New Testament Commentary \u2013 David H. Stern<\/td>\n<\/tr>\n<tr>\n<td width=\"66\">$19.99<\/td>\n<td width=\"600\">Bible Teacher\u2019s Commentary \u2013 Larry Richards<\/td>\n<\/tr>\n<tr>\n<td width=\"66\">$59.99<\/td>\n<td width=\"600\">IVP New Testament Commentary Series, 20 Vols. \u2013 Osborne, Briscoe, Robinson<\/td>\n<\/tr>\n<tr>\n<td width=\"66\">$34.99<\/td>\n<td width=\"600\">IVP Bible Background Commentary OT &amp; NT Set<\/td>\n<\/tr>\n<tr>\n<td width=\"66\">$79.99<\/td>\n<td width=\"600\">Preachers Commentary 35 Vols. \u2013 Lloyd Ogilvie<\/td>\n<\/tr>\n<tr>\n<td width=\"66\">$14.99<\/td>\n<td width=\"600\">Wiersbe\u2019s Expository Outlines on the Bible \u2013 Warren Wiersbe<\/td>\n<\/tr>\n<tr>\n<td width=\"66\">$19.99<\/td>\n<td width=\"600\">Jewish New Testament Commentary<\/td>\n<\/tr>\n<tr>\n<td width=\"66\">$29.99<\/td>\n<td width=\"600\">The MacArthur Bible Commentary<\/td>\n<\/tr>\n<tr>\n<td width=\"66\">$12.99<\/td>\n<td width=\"600\">Church History in Plain Language<\/td>\n<\/tr>\n<\/tbody>\n<\/table>\n<p>&nbsp;<\/p>\n<h4><span style=\"color: #000000;\"><strong>Bibles $$$<\/strong><\/span><\/h4>\n<table>\n<tbody>\n<tr>\n<td width=\"66\">$20.00<\/td>\n<td width=\"600\">NASB<\/td>\n<\/tr>\n<tr>\n<td width=\"66\">$24.99<\/td>\n<td width=\"600\">NIV<\/td>\n<\/tr>\n<tr>\n<td width=\"66\">$12.99<\/td>\n<td width=\"600\">The Message<\/td>\n<\/tr>\n<tr>\n<td width=\"66\">$12.99<\/td>\n<td width=\"600\">Holman Christian Standard Bible<\/td>\n<\/tr>\n<tr>\n<td width=\"66\">$9.99<\/td>\n<td width=\"600\">Wuest \u2013 The New Testament: An Expanded Translation<\/td>\n<\/tr>\n<\/tbody>\n<\/table>\n<p>&nbsp;<\/p>\n<h4><span style=\"color: #000000;\"><strong>Other $$$<\/strong><\/span><\/h4>\n<table>\n<tbody>\n<tr>\n<td width=\"66\">$19.99<\/td>\n<td width=\"600\">Nelson&#8217;s New Illustrated Bible Dictionary<\/td>\n<\/tr>\n<tr>\n<td width=\"66\">$14.99<\/td>\n<td width=\"600\">Vine&#8217;s Complete Expository Dictionary of OT &#038; NT Words<\/td>\n<\/tr>\n<tr>\n<td width=\"66\">$12.99<\/td>\n<td width=\"600\">+ Nelsons Complete Book of Bible Maps and Charts<\/td>\n<\/tr>\n<\/tbody>\n<\/table>\n<p>&nbsp;<\/p>\n\n\t\t<\/div>\n\t<\/div>\n<\/div><\/div><\/div><\/div>\n<\/section>","protected":false},"excerpt":{"rendered":"<p>Commercial Bible Programs https:\/\/www.e-sword.net\/ E-Sword Bible Software Free\u00a0\u00a0\u00a0\u00a0 Some modules $$$ https:\/\/www.theword.net\/ theWord Bible Software Free\u00a0\u00a0\u00a0\u00a0 Some modules $$$ https:\/\/www.logos.com\/ Logas Bible Software $295 to $10,800 Websites \u2013 Major https:\/\/www.blueletterbible.org\/ Bible study tools that are grounded in the historical, conservative Christian Faith. https:\/\/www.preceptaustin.org\/ Massive site \u2013 Best place to get large list of resources linked.&hellip;<\/p>","protected":false},"author":1,"featured_media":0,"parent":0,"menu_order":0,"comment_status":"closed","ping_status":"closed","template":"","meta":{"spay_email":""},"_links":{"self":[{"href":"https:\/\/linkingpartners.org\/sr\/wp-json\/wp\/v2\/pages\/5228"}],"collection":[{"href":"https:\/\/linkingpartners.org\/sr\/wp-json\/wp\/v2\/pages"}],"about":[{"href":"https:\/\/linkingpartners.org\/sr\/wp-json\/wp\/v2\/types\/page"}],"author":[{"embeddable":true,"href":"https:\/\/linkingpartners.org\/sr\/wp-json\/wp\/v2\/users\/1"}],"replies":[{"embeddable":true,"href":"https:\/\/linkingpartners.org\/sr\/wp-json\/wp\/v2\/comments?post=5228"}],"version-history":[{"count":36,"href":"https:\/\/linkingpartners.org\/sr\/wp-json\/wp\/v2\/pages\/5228\/revisions"}],"predecessor-version":[{"id":5502,"href":"https:\/\/linkingpartners.org\/sr\/wp-json\/wp\/v2\/pages\/5228\/revisions\/5502"}],"wp:attachment":[{"href":"https:\/\/linkingpartners.org\/sr\/wp-json\/wp\/v2\/media?parent=5228"}],"curies":[{"name":"wp","href":"https:\/\/api.w.org\/{rel}","templated":true}]}}